{"id":1877,"date":"2014-08-07T14:45:34","date_gmt":"2014-08-07T14:45:34","guid":{"rendered":"http:\/\/entiri.com\/totemic_wp\/?page_id=1877"},"modified":"2020-03-17T10:47:12","modified_gmt":"2020-03-17T10:47:12","slug":"firmengeschichte","status":"publish","type":"page","link":"https:\/\/alberthomas.de\/?page_id=1877","title":{"rendered":"Betriebsspiegel"},"content":{"rendered":"<div class=\"wpb-content-wrapper\"><p>[vc_row][vc_column][vc_column_text css=&#8220;.vc_custom_1584441114589{margin-top: 40px !important;margin-right: 10px !important;margin-left: 10px !important;}&#8220;]<\/p>\n<h1 style=\"text-align: center;\">UNSERE FIRMENGESCHICHTE<\/h1>\n<p>[\/vc_column_text][\/vc_column][\/vc_row][vc_row css=&#8220;.vc_custom_1584440730082{margin-top: 40px !important;}&#8220;][vc_column width=&#8220;1\/3&#8243;][vc_column_text css=&#8220;.vc_custom_1584441103248{margin-right: 10px !important;margin-left: 10px !important;}&#8220;]<\/p>\n<h4 style=\"text-align: left;\">Aus den Anf\u00e4ngen&#8230;<\/h4>\n<p style=\"text-align: justify;\">Wer tr\u00e4umte nicht als kleiner Junge davon, auf dem Bau mit Bagger und sonstigen Maschinen zu arbeiten oder dem \u201eTanzen\u201c\u00a0der gro\u00dfen, filigranen Baukr\u00e4ne zuzuschauen. Schon im Sandkasten sind optimale Bedingungen geschaffen !<br \/>\nSollte es mir damals anders gehen, wo doch Vater und Gro\u00dfvater schon im Hochbau t\u00e4tig sind und waren,\u00a0Onkel in Installateur und Ausbaugewerken, also das Handwerk in der kompletten Verwandtschaft und \u201eim Blut\u201c hat ?!<\/p>\n<p style=\"text-align: left;\">Nach der Schule zog es mich schon mit 10 Jahren aufw\u00e4rts auf Baustellen zum Vater, weil der eigene Sandkasten schnell\u00a0zu klein war.<\/p>\n<p>&nbsp;[\/vc_column_text][\/vc_column][vc_column width=&#8220;1\/3&#8243; css=&#8220;.vc_custom_1584441126070{margin-right: 10px !important;margin-left: 10px !important;}&#8220;][vc_column_text]<\/p>\n<h4 style=\"text-align: left;\">Start ins Berufsleben.<\/h4>\n<p class=\"p1\"><span class=\"s1\">1993: Ausbildung zum Maurer\/Stahlbetonbauer.<br \/>\n<\/span>Nach kurzer Zeit zum Polier benannt.<\/p>\n<p>2003: Meisterpr\u00fcfung<\/p>\n<p class=\"p1\"><span class=\"s1\">Laufende Nachfragen und Bauvorhaben kleinerer Art wurden immer h\u00e4ufiger,\u00a0so dass eine Firmengr\u00fcndung als Nebengewerbe unumg\u00e4nglich wurde.<\/span><\/p>\n<p>1998 wurde in mir das Interesse am Bau von \u201eGrund\u00f6fen\u201c und komplett gemauerter Schamottespeicher\u00f6fen geweckt.<br \/>\nKurz darauf kam bereits die erste Anfrage, einen Ofen zu mauern.[\/vc_column_text][\/vc_column][vc_column width=&#8220;1\/3&#8243; css=&#8220;.vc_custom_1584441139268{margin-right: 10px !important;margin-left: 10px !important;}&#8220;][vc_column_text]<\/p>\n<h4 style=\"text-align: left;\">\u00d6fen.<\/h4>\n<p>Das war der Beginn von nunmehr \u201ezig\u201c \u00d6fen, die nach etlichen Schulungen\/Seminaren und Weiterbildungen folgten und auch noch weiterhin mit Freude beraten, verkauft und eingebaut werden.\u00a0Nat\u00fcrlich auch alles, was drumherum dazugeh\u00f6rt, wie Kamin\u00f6fen, Kachel\u00f6fen, Natursteinkamine, Eins\u00e4tze, Schornsteine, Edelstahl-Aussenkamine aber auch Brot- und Pizza\u00f6fen\/Grills.<\/p>\n<p><img loading=\"lazy\" decoding=\"async\" class=\"alignnone wp-image-2294\" src=\"http:\/\/alberthomas.de\/wp-content\/uploads\/2015\/02\/Ofen_12.jpg\" alt=\"\" width=\"440\" height=\"248\" srcset=\"https:\/\/alberthomas.de\/wp-content\/uploads\/2015\/02\/Ofen_12.jpg 1000w, https:\/\/alberthomas.de\/wp-content\/uploads\/2015\/02\/Ofen_12-300x169.jpg 300w, https:\/\/alberthomas.de\/wp-content\/uploads\/2015\/02\/Ofen_12-200x113.jpg 200w, https:\/\/alberthomas.de\/wp-content\/uploads\/2015\/02\/Ofen_12-150x84.jpg 150w, https:\/\/alberthomas.de\/wp-content\/uploads\/2015\/02\/Ofen_12-500x282.jpg 500w\" sizes=\"auto, (max-width: 440px) 100vw, 440px\" \/>[\/vc_column_text][\/vc_column][\/vc_row][vc_row][vc_column][vc_separator el_width=&#8220;70&#8243; css=&#8220;.vc_custom_1584438427583{margin-top: 40px !important;margin-bottom: 40px !important;}&#8220;][vc_single_image image=&#8220;7&#8243; img_size=&#8220;medium&#8220; alignment=&#8220;center&#8220; onclick=&#8220;link_image&#8220; css=&#8220;.vc_custom_1584438461196{margin-top: 30px !important;}&#8220;][vc_column_text css=&#8220;.vc_custom_1584441156231{margin-right: 10px !important;margin-left: 10px !important;}&#8220;]<\/p>\n<h4><\/h4>\n<h4>Thomas Alber &#8211; Biologische Kachelofensysteme<\/h4>\n<p style=\"text-align: left;\"><strong><br \/>\nFirmengr\u00fcndung am 07.01.2004: Thomas Alber \u2013 Biologische Kachelofensysteme und Bauprojekte<\/strong><\/p>\n<p style=\"text-align: justify;\">Die kleine &#8222;Firma&#8220; war gegr\u00fcndet. Viele Auftr\u00e4ge und st\u00e4ndig neue Anfragen machten den Start zu einem vollen Erfolg. Bei vielen Bauprojekten halfen die Bauherren gleich selbst mit. Um Kosten zu sparen, aber auch f\u00fcr die Freude, selbst beteiligt gewesen zu sein. Denn darauf kann man lange stolz sein. Dieses Prinzip erkannte ich als kleine Alternative und biete es, wenn der Kunde bereit ist, auch immer wieder mit an.<\/p>\n<p style=\"text-align: left;\">St\u00e4ndig kamen weitere Ideen\u00a0hinzu und so baute sich der Aufgabenbereich, sowie Gewerke und Dienstleistungen immer weiter aus.<\/p>\n<p>[\/vc_column_text][vc_separator el_width=&#8220;70&#8243; css=&#8220;.vc_custom_1584439085158{margin-top: 40px !important;margin-bottom: 40px !important;}&#8220;][\/vc_column][\/vc_row][vc_row][vc_column css=&#8220;.vc_custom_1584441165191{margin-right: 10px !important;margin-left: 10px !important;}&#8220;][vc_column_text]<\/p>\n<h4 style=\"text-align: left;\">Erweiterung.<\/h4>\n<p style=\"text-align: justify;\">Dann, im Jahr 2008 konnte die kleine Firma einen Teil einer Gewerbehalle anmieten und somit sehr zeitschonend, lagertechnisch und effektiv arbeiten und sehr schnell beim Kunden vor Ort sein. Auch Vorhalten spezieller Waren und Teile\/Zubeh\u00f6r vor Ort sind m\u00f6glich und \u00fcberschaubar, einfach bei Bedarf greifbar! So w\u00e4chst auch das gro\u00dfe Schamottelager mit verschiedensten Formaten, aber auch Ofenzubeh\u00f6r stetig und ist in der Region kurzfristig lieferbar. Das Anbieten und Liefern von Brennstoffen wie Scheitholz, Holz- und Kohlebriketts und Anz\u00fcndholz ergab sich automatisch, wenn man \u00d6fen baut und anbietet, ebenso die Reinigung und Wartung verschiedenster \u00d6fen, so ist die Produktpalette fast komplett, die Dienstleistungen werden st\u00e4ndig erweitert und der Nachfrage angepasst. So ben\u00f6tigt der Kunde nur eine einzige Telefonnummer!<\/p>\n<p>[\/vc_column_text][vc_separator el_width=&#8220;70&#8243; css=&#8220;.vc_custom_1584439098886{margin-top: 40px !important;margin-bottom: 40px !important;}&#8220;][vc_row_inner][vc_column_inner width=&#8220;1\/2&#8243;][vc_gallery interval=&#8220;0&#8243; images=&#8220;2119&#8243; img_size=&#8220;large&#8220;][\/vc_column_inner][vc_column_inner width=&#8220;1\/2&#8243;][vc_gallery interval=&#8220;0&#8243; images=&#8220;2557&#8243; img_size=&#8220;large&#8220;][\/vc_column_inner][\/vc_row_inner][vc_column_text]<\/p>\n<h4>Bauphase.<\/h4>\n<p style=\"text-align: justify;\">Mit dem eigenen Motto ging ich dann 2010 zum neuen Eigner des freien Nachbar Lagerplatzes, da die Kapazit\u00e4ten schon wieder zu w\u00fcnschen \u00fcbrig lie\u00dfen, der Platz wurde gepachtet und dann im Januar 2011 k\u00e4uflich erworben und notariell \u00fcberschrieben. Nach l\u00e4ngeren Gespr\u00e4chen und vielem \u00dcberlegen war dann doch ein kompletter Neubau in Planung, womit wir dann Ende August 2011 mit dem Spatenstich begannen. Nach rascher Bauzeit in Eigenregie und vielen, treuen Helfern konnte Anfang Dezember 2011 Richtfest gefeiert werden. Erfreulicherweise kam auch gleich die Verlobung zur Feier hinzu.<\/p>\n<p style=\"text-align: justify;\">Der Bezug des Lagers konnte schon im Januar 2012 erfolgen (die Anmiete der vorherigen Halle wurde gek\u00fcndigt), jedoch bis zur Hochzeit und dem geplanten Einzug in die Wohnung im OG war dann doch noch sehr viel zu tun, was aber dann doch noch mit \u00fcberaus z\u00e4hem Einsatz vieler Bekannter und Helfer auch wieder klappen durfte.So ist das Geb\u00e4ude seit Juni 2012 komplett fertig bezogen und bewohnt, die Arbeiten k\u00f6nnen sich wieder voll der Kundschaft und stetigen, immer mehr werdenden Anfragen widmen und wir (auch die Banken) sehen der Zukunft zuversichtlich entgegen.<\/p>\n<p style=\"text-align: justify;\">Nat\u00fcrlich steht die Kundschaft immer im Vordergrund und durch den nun abgeschlossenen Bau und Lager wollen wir immer wieder die logistischen und zeitlichen Raffinessen hervorheben und ausnutzen. Durch den Zusammenschlu\u00df von Lager \/ Produktion, B\u00fcro\/Verwaltung und Wohnung ist nun alles unter einem Dach, kurze Wege, kurze Zeiten, also immer greifbar. Schon Jahrelang war eine Telefonnummer vorhanden f\u00fcr alle Anfragen und Probleme, nun ist es auch nur noch eine Adresse.<\/p>\n<p>Das ist die Best\u00e4tigung unseres bisher immer treffenden Mottos:<\/p>\n<blockquote><p><em><em class=\"highlight black\">Es gibt f\u00fcr alles eine L\u00f6sung. Fragen Sie nach.<br \/>\n<\/em><\/em><em class=\"highlight black\"><em>Den Rest erledigen Wir!<br \/>\n<\/em><\/em><\/p><\/blockquote>\n<p>Und auch heute gilt:<\/p>\n<blockquote><p>ES GIBT F\u00dcR ALLES EINE L\u00d6SUNG. FRAGEN SIE NACH.<br \/>\nDEN REST ERLEDIGEN WIR!<\/p><\/blockquote>\n<p>[\/vc_column_text][vc_separator el_width=&#8220;70&#8243; css=&#8220;.vc_custom_1584439183581{margin-top: 40px !important;margin-bottom: 40px !important;}&#8220;][vc_column_text css=&#8220;.vc_custom_1584440833547{margin-bottom: 40px !important;}&#8220;]Im Oktober 2015 konnte ein Lkw f\u00fcr die schweren Arbeiten angeschafft werden. Mit 18 to Gesamtgewicht, 3-Seitenkipper und einem 12 mto-Ladekran k\u00f6nnen wir nun noch effektiver und Personenschonender arbeiten.<\/p>\n<p style=\"text-align: justify;\">Ab September 2016 konnte zus\u00e4tzlich eine Lagerfl\u00e4che in der N\u00e4he langfristig angepachtet werden,worauf nun auch etliche Sch\u00fcttg\u00fcter und Brennstoffe gelagert werden k\u00f6nnen. Somit k\u00f6nnen wir nun \u201c feste\u201d f\u00fcr Sie arbeiten!<\/p>\n<p><img loading=\"lazy\" decoding=\"async\" class=\"alignnone wp-image-2558 size-full\" src=\"https:\/\/alberthomas.de\/wp-content\/uploads\/2020\/03\/Bilder-Alber-Thomas_Homepage-4-scaled.jpg\" alt=\"\" width=\"2560\" height=\"682\" srcset=\"https:\/\/alberthomas.de\/wp-content\/uploads\/2020\/03\/Bilder-Alber-Thomas_Homepage-4-scaled.jpg 2560w, https:\/\/alberthomas.de\/wp-content\/uploads\/2020\/03\/Bilder-Alber-Thomas_Homepage-4-300x80.jpg 300w, https:\/\/alberthomas.de\/wp-content\/uploads\/2020\/03\/Bilder-Alber-Thomas_Homepage-4-1024x273.jpg 1024w, https:\/\/alberthomas.de\/wp-content\/uploads\/2020\/03\/Bilder-Alber-Thomas_Homepage-4-768x205.jpg 768w, https:\/\/alberthomas.de\/wp-content\/uploads\/2020\/03\/Bilder-Alber-Thomas_Homepage-4-1536x409.jpg 1536w, https:\/\/alberthomas.de\/wp-content\/uploads\/2020\/03\/Bilder-Alber-Thomas_Homepage-4-2048x546.jpg 2048w, https:\/\/alberthomas.de\/wp-content\/uploads\/2020\/03\/Bilder-Alber-Thomas_Homepage-4-1200x320.jpg 1200w, https:\/\/alberthomas.de\/wp-content\/uploads\/2020\/03\/Bilder-Alber-Thomas_Homepage-4-200x53.jpg 200w, https:\/\/alberthomas.de\/wp-content\/uploads\/2020\/03\/Bilder-Alber-Thomas_Homepage-4-150x40.jpg 150w, https:\/\/alberthomas.de\/wp-content\/uploads\/2020\/03\/Bilder-Alber-Thomas_Homepage-4-500x133.jpg 500w\" sizes=\"auto, (max-width: 2560px) 100vw, 2560px\" \/>[\/vc_column_text][\/vc_column][\/vc_row]<\/p>\n<\/div>","protected":false},"excerpt":{"rendered":"<p>[vc_row][vc_column][vc_column_text css=&#8220;.vc_custom_1584441114589{margin-top: 40px !important;margin-right: 10px !important;margin-left: 10px !important;}&#8220;] UNSERE FIRMENGESCHICHTE [\/vc_column_text][\/vc_column][\/vc_row][vc_row css=&#8220;.vc_custom_1584440730082{margin-top: 40px !important;}&#8220;][vc_column width=&#8220;1\/3&#8243;][vc_column_text css=&#8220;.vc_custom_1584441103248{margin-right: 10px !important;margin-left: 10px !important;}&#8220;]<\/p>\n","protected":false},"author":1,"featured_media":0,"parent":0,"menu_order":0,"comment_status":"closed","ping_status":"closed","template":"","meta":{"footnotes":""},"class_list":["post-1877","page","type-page","status-publish","hentry"],"_links":{"self":[{"href":"https:\/\/alberthomas.de\/index.php?rest_route=\/wp\/v2\/pages\/1877","targetHints":{"allow":["GET"]}}],"collection":[{"href":"https:\/\/alberthomas.de\/index.php?rest_route=\/wp\/v2\/pages"}],"about":[{"href":"https:\/\/alberthomas.de\/index.php?rest_route=\/wp\/v2\/types\/page"}],"author":[{"embeddable":true,"href":"https:\/\/alberthomas.de\/index.php?rest_route=\/wp\/v2\/users\/1"}],"replies":[{"embeddable":true,"href":"https:\/\/alberthomas.de\/index.php?rest_route=%2Fwp%2Fv2%2Fcomments&post=1877"}],"version-history":[{"count":47,"href":"https:\/\/alberthomas.de\/index.php?rest_route=\/wp\/v2\/pages\/1877\/revisions"}],"predecessor-version":[{"id":2589,"href":"https:\/\/alberthomas.de\/index.php?rest_route=\/wp\/v2\/pages\/1877\/revisions\/2589"}],"wp:attachment":[{"href":"https:\/\/alberthomas.de\/index.php?rest_route=%2Fwp%2Fv2%2Fmedia&parent=1877"}],"curies":[{"name":"wp","href":"https:\/\/api.w.org\/{rel}","templated":true}]}}