{"id":2137,"date":"2015-02-28T11:47:33","date_gmt":"2015-02-28T11:47:33","guid":{"rendered":"http:\/\/alberthomas.de\/wpneu\/?page_id=2137"},"modified":"2015-03-09T15:59:58","modified_gmt":"2015-03-09T15:59:58","slug":"oefen-und-schornsteine","status":"publish","type":"page","link":"https:\/\/alberthomas.de\/?page_id=2137","title":{"rendered":"\u00d6fen und Schornsteine"},"content":{"rendered":"<div class=\"wpb-content-wrapper\"><p>[vc_row][vc_column width=&#8220;1\/1&#8243;]<div class=\"space40\"><\/div>[\/vc_column][\/vc_row][vc_row][vc_column width=&#8220;1\/1&#8243;][vc_column_text]<\/p>\n<h1 style=\"text-align: center;\">\u00d6fen &amp; Schornsteinbau<\/h1>\n<h2 style=\"text-align: left;\">In unserem Sortiment befinden sich verschiedene Sorten von \u00d6fen und Schornsteinen:<\/h2>\n<ul>\n<li>Holz\u00f6fen: <a title=\"Kachel\u00f6fen\" href=\"http:\/\/alberthomas.de\/wpneu\/oefen-und-schornsteine\/holzoefen\/kacheloefen\/\" target=\"_blank\">Kachel\u00f6fen<\/a>, <a title=\"Grund\u00f6fen\" href=\"http:\/\/alberthomas.de\/wpneu\/oefen-und-schornsteine\/holzoefen\/grundoefen\/\" target=\"_blank\">Grund\u00f6fen<\/a>, <a href=\"http:\/\/www.alberthomas.de\/index.php\/oefen-und-schornsteinbau\/holzoefen\/kamine\" target=\"_blank\">Kamine<\/a>, <a title=\"Kamin\u00f6fen\" href=\"http:\/\/alberthomas.de\/wpneu\/oefen-und-schornsteine\/holzoefen\/kaminoefen\/\" target=\"_blank\">Kamin\u00f6fen<\/a>, <a title=\"Back\u00f6fen\/Pizza\u00f6fen\" href=\"http:\/\/alberthomas.de\/wpneu\/oefen-und-schornsteine\/holzoefen\/backoefenpizzaoefen\/\">Pizza\u00f6fen<\/a> und <a title=\"Gartengrill\" href=\"http:\/\/alberthomas.de\/wpneu\/oefen-und-schornsteine\/holzoefen\/gartengrill\/\" target=\"_blank\">Gartengrills<\/a>.<br \/>\nZus\u00e4tzlich zum Einbau der \u00d6fen reinigen wir diese oder reparieren (wenn notwendig), den Ofen. Ein breites <a title=\"Ofenzubeh\u00f6r\" href=\"http:\/\/alberthomas.de\/wpneu\/oefen-und-schornsteine\/ofenzubehoer\/\" target=\"_blank\">Zubeh\u00f6rsortiment<\/a> ist vorhanden.<\/li>\n<li>Schornsteine: <a title=\"Edelstahlschornsteine\" href=\"http:\/\/alberthomas.de\/wpneu\/oefen-und-schornsteine\/schornsteinbau\/edelstahlschornsteine\/\" target=\"_blank\">Edelstahlschornsteine<\/a>, <a title=\"Leichtbauschornsteine\" href=\"http:\/\/alberthomas.de\/wpneu\/oefen-und-schornsteine\/schornsteinbau\/leichtbauschornsteine\/\" target=\"_blank\">Leichtbauchschornsteine<\/a>, <a title=\"Fertigteilschornsteine\" href=\"http:\/\/alberthomas.de\/wpneu\/oefen-und-schornsteine\/schornsteinbau\/fertigteilschornsteine\/\" target=\"_blank\">Fertigteilschornsteine<\/a>.<br \/>\nAu\u00dferdem liefern wir Ihnen <a title=\"Aufs\u00e4tze &amp; Verl\u00e4ngerungen\" href=\"http:\/\/alberthomas.de\/wpneu\/oefen-und-schornsteine\/schornsteinbau\/aufsaetze-verlaengerungen\/\" target=\"_blank\">Aufs\u00e4tze und Verl\u00e4ngerungen<\/a> und bauen Schornsteine auch noch<a title=\"Nachtr\u00e4glicher Einbau\" href=\"http:\/\/alberthomas.de\/wpneu\/oefen-und-schornsteine\/schornsteinbau\/nachtraeglicher-einbau\/\" target=\"_blank\"> nachtr\u00e4glich<\/a> ein.<\/li>\n<\/ul>\n<p>[\/vc_column_text][\/vc_column][\/vc_row][vc_row][vc_column width=&#8220;1\/1&#8243;]<div class=\"space40\"><\/div>[\/vc_column][\/vc_row][vc_row][vc_column width=&#8220;1\/4&#8243;][vc_single_image image=&#8220;2295&#8243; border_color=&#8220;grey&#8220; img_link_target=&#8220;_self&#8220; img_size=&#8220;320&#215;180 &#8220; style=&#8220;vc_box_rounded&#8220; alignment=&#8220;right&#8220;][\/vc_column][vc_column width=&#8220;1\/4&#8243;][vc_single_image image=&#8220;2296&#8243; border_color=&#8220;grey&#8220; img_link_target=&#8220;_self&#8220; img_size=&#8220;320&#215;180&#8243; alignment=&#8220;center&#8220; style=&#8220;vc_box_rounded&#8220;][\/vc_column][vc_column width=&#8220;1\/4&#8243;][vc_single_image image=&#8220;2294&#8243; alignment=&#8220;center&#8220; border_color=&#8220;grey&#8220; img_link_target=&#8220;_self&#8220; img_size=&#8220;320&#215;180&#8243; style=&#8220;vc_box_rounded&#8220;][\/vc_column][vc_column width=&#8220;1\/4&#8243;][vc_single_image image=&#8220;2297&#8243; alignment=&#8220;center&#8220; style=&#8220;vc_box_rounded&#8220; border_color=&#8220;grey&#8220; img_link_target=&#8220;_self&#8220; img_size=&#8220;320*180 &#8222;][\/vc_column][\/vc_row][vc_row][vc_column width=&#8220;1\/1&#8220;]<div class=\"space100\"><\/div><div class=\"space100\"><\/div>[\/vc_column][\/vc_row]<\/p>\n<\/div>","protected":false},"excerpt":{"rendered":"<p>[vc_row][vc_column width=&#8220;1\/1&#8243;][\/vc_column][\/vc_row][vc_row][vc_column width=&#8220;1\/1&#8243;][vc_column_text] \u00d6fen &amp; Schornsteinbau In unserem Sortiment befinden sich verschiedene Sorten von \u00d6fen und Schornsteinen: Holz\u00f6fen: Kachel\u00f6fen, Grund\u00f6fen,<\/p>\n","protected":false},"author":1,"featured_media":0,"parent":0,"menu_order":0,"comment_status":"closed","ping_status":"closed","template":"","meta":{"footnotes":""},"class_list":["post-2137","page","type-page","status-publish","hentry"],"_links":{"self":[{"href":"https:\/\/alberthomas.de\/index.php?rest_route=\/wp\/v2\/pages\/2137","targetHints":{"allow":["GET"]}}],"collection":[{"href":"https:\/\/alberthomas.de\/index.php?rest_route=\/wp\/v2\/pages"}],"about":[{"href":"https:\/\/alberthomas.de\/index.php?rest_route=\/wp\/v2\/types\/page"}],"author":[{"embeddable":true,"href":"https:\/\/alberthomas.de\/index.php?rest_route=\/wp\/v2\/users\/1"}],"replies":[{"embeddable":true,"href":"https:\/\/alberthomas.de\/index.php?rest_route=%2Fwp%2Fv2%2Fcomments&post=2137"}],"version-history":[{"count":7,"href":"https:\/\/alberthomas.de\/index.php?rest_route=\/wp\/v2\/pages\/2137\/revisions"}],"predecessor-version":[{"id":2305,"href":"https:\/\/alberthomas.de\/index.php?rest_route=\/wp\/v2\/pages\/2137\/revisions\/2305"}],"wp:attachment":[{"href":"https:\/\/alberthomas.de\/index.php?rest_route=%2Fwp%2Fv2%2Fmedia&parent=2137"}],"curies":[{"name":"wp","href":"https:\/\/api.w.org\/{rel}","templated":true}]}}