{"id":2152,"date":"2015-02-28T11:51:52","date_gmt":"2015-02-28T11:51:52","guid":{"rendered":"http:\/\/alberthomas.de\/wpneu\/?page_id=2152"},"modified":"2015-06-22T21:25:54","modified_gmt":"2015-06-22T21:25:54","slug":"brennstoffe","status":"publish","type":"page","link":"https:\/\/alberthomas.de\/?page_id=2152","title":{"rendered":"Brennstoffe"},"content":{"rendered":"<div class=\"wpb-content-wrapper\"><p>[vc_row][vc_column width=&#8220;1\/1&#8243;]<div class=\"space40\"><\/div>[\/vc_column][\/vc_row][vc_row][vc_column width=&#8220;1\/1&#8243;][vc_column_text]<\/p>\n<h1 style=\"text-align: center;\">Brennstoffe<\/h1>\n<h2 style=\"text-align: left;\">Das passende Holz zum Ofen.<\/h2>\n<p>Wir f\u00fchren ganzj\u00e4hrig trockenes Brennholz, sch\u00f6ne Buchescheite, in rm offen oder auch Sackweise (ca. 10 kg =21,5 rdm), in den L\u00e4ngen 33 und 25 cm.<br \/>\nOfenAnz\u00fcnder und Anz\u00fcndholz in S\u00e4cken, damit das Anz\u00fcnden der gro\u00dfen Scheite nicht jedes Mal zur Tortur wird und Sie das Feuer genie\u00dfen k\u00f6nnen. Aber auch alternativ haben wir Holz- und Kohlebriketts im Programm, damit die W\u00e4rme und die Glut bis lange in die Nacht hinein bestehen bleibt. Lieferung bis vor die Haust\u00fcre kein Problem, unser Fuhrpark ist bereit.<br \/>\nInnerhalb 2-3 Tage bekommen Sie Ihr Holz geliefert.<br \/>\nDesweiteren k\u00f6nnen Sie bei uns Holzkohle in 15 Kg S\u00e4cken erhalten und Pellets kaufen.<\/p>\n<p>Rufen Sie an, bevor Sie im Kalten sitzen!<br \/>\nWir helfen gerne![\/vc_column_text][\/vc_column][\/vc_row][vc_row][vc_column width=&#8220;1\/1&#8243;]<div class=\"space25\"><\/div>[\/vc_column][\/vc_row][vc_row full_width=&#8220;true&#8220; bg_type=&#8220;image&#8220; bg_grad=&#8220;background: -webkit-gradient(linear, left top, left bottom, color-stop(0%, #E3E3E3));background: -moz-linear-gradient(top,#E3E3E3 0%);background: -webkit-linear-gradient(top,#E3E3E3 0%);background: -o-linear-gradient(top,#E3E3E3 0%);background: -ms-linear-gradient(top,#E3E3E3 0%);background: linear-gradient(top,#E3E3E3 0%);&#8220; parallax_style=&#8220;vcpb-default&#8220; bg_image_new=&#8220;2369&#8243; bg_image_repeat=&#8220;no-repeat&#8220; bg_image_size=&#8220;cover&#8220; bg_img_attach=&#8220;scroll&#8220; parallax_sense=&#8220;30&#8243; animation_direction=&#8220;left-animation&#8220; animation_repeat=&#8220;repeat&#8220; bg_override=&#8220;0&#8243; disable_on_mobile_img_parallax=&#8220;off&#8220; parallax_content_sense=&#8220;30&#8243; fadeout_start_effect=&#8220;30&#8243; overlay_pattern_opacity=&#8220;80&#8243; multi_color_overlay_opacity=&#8220;0.6&#8243; seperator_type=&#8220;none_seperator&#8220; seperator_position=&#8220;top_seperator&#8220; seperator_shape_size=&#8220;40&#8243; seperator_svg_height=&#8220;60&#8243; seperator_shape_background=&#8220;#ffffff&#8220; seperator_shape_border=&#8220;none&#8220; seperator_shape_border_width=&#8220;1&#8243; icon_type=&#8220;no_icon&#8220; icon_size=&#8220;32&#8243; icon_style=&#8220;none&#8220; icon_color_border=&#8220;#333333&#8243; icon_border_size=&#8220;1&#8243; icon_border_radius=&#8220;500&#8243; icon_border_spacing=&#8220;50&#8243; img_width=&#8220;48&#8243; ult_hide_row_large_screen=&#8220;off&#8220; ult_hide_row_desktop=&#8220;off&#8220; ult_hide_row_tablet=&#8220;off&#8220; ult_hide_row_tablet_small=&#8220;off&#8220; ult_hide_row_mobile=&#8220;off&#8220; ult_hide_row_mobile_large=&#8220;off&#8220;][vc_column width=&#8220;1\/1&#8243;]<div class=\"space100\"><\/div><div class=\"space100\"><\/div>[\/vc_column][\/vc_row]<\/p>\n<\/div>","protected":false},"excerpt":{"rendered":"<p>[vc_row][vc_column width=&#8220;1\/1&#8243;][\/vc_column][\/vc_row][vc_row][vc_column width=&#8220;1\/1&#8243;][vc_column_text] Brennstoffe Das passende Holz zum Ofen. Wir f\u00fchren ganzj\u00e4hrig trockenes Brennholz, sch\u00f6ne Buchescheite, in rm offen oder<\/p>\n","protected":false},"author":1,"featured_media":0,"parent":0,"menu_order":0,"comment_status":"closed","ping_status":"closed","template":"","meta":{"footnotes":""},"class_list":["post-2152","page","type-page","status-publish","hentry"],"_links":{"self":[{"href":"https:\/\/alberthomas.de\/index.php?rest_route=\/wp\/v2\/pages\/2152","targetHints":{"allow":["GET"]}}],"collection":[{"href":"https:\/\/alberthomas.de\/index.php?rest_route=\/wp\/v2\/pages"}],"about":[{"href":"https:\/\/alberthomas.de\/index.php?rest_route=\/wp\/v2\/types\/page"}],"author":[{"embeddable":true,"href":"https:\/\/alberthomas.de\/index.php?rest_route=\/wp\/v2\/users\/1"}],"replies":[{"embeddable":true,"href":"https:\/\/alberthomas.de\/index.php?rest_route=%2Fwp%2Fv2%2Fcomments&post=2152"}],"version-history":[{"count":6,"href":"https:\/\/alberthomas.de\/index.php?rest_route=\/wp\/v2\/pages\/2152\/revisions"}],"predecessor-version":[{"id":2476,"href":"https:\/\/alberthomas.de\/index.php?rest_route=\/wp\/v2\/pages\/2152\/revisions\/2476"}],"wp:attachment":[{"href":"https:\/\/alberthomas.de\/index.php?rest_route=%2Fwp%2Fv2%2Fmedia&parent=2152"}],"curies":[{"name":"wp","href":"https:\/\/api.w.org\/{rel}","templated":true}]}}