{"id":2154,"date":"2015-02-28T11:53:23","date_gmt":"2015-02-28T11:53:23","guid":{"rendered":"http:\/\/alberthomas.de\/wpneu\/?page_id=2154"},"modified":"2015-03-10T09:34:33","modified_gmt":"2015-03-10T09:34:33","slug":"hof-gartengestaltung","status":"publish","type":"page","link":"https:\/\/alberthomas.de\/?page_id=2154","title":{"rendered":"Hof- &#038; Gartengestaltung"},"content":{"rendered":"<div class=\"wpb-content-wrapper\"><p>[vc_row][vc_column width=&#8220;1\/1&#8243;]<div class=\"space40\"><\/div>[\/vc_column][\/vc_row][vc_row][vc_column width=&#8220;1\/1&#8243;][vc_column_text]<\/p>\n<h1 style=\"text-align: center;\">Hof- &amp; Gartengestaltung<\/h1>\n<h2>Ein Au\u00dfenbereich zum Wohlf\u00fchlen.<\/h2>\n<p>[\/vc_column_text][\/vc_column][\/vc_row][vc_row][vc_column width=&#8220;1\/4&#8243;][vc_gallery type=&#8220;flexslider_fade&#8220; interval=&#8220;5&#8243; images=&#8220;2312&#8243; onclick=&#8220;link_image&#8220; custom_links_target=&#8220;_self&#8220; img_size=&#8220;medium&#8220;][\/vc_column][vc_column width=&#8220;1\/4&#8243;][vc_gallery type=&#8220;flexslider_fade&#8220; interval=&#8220;5&#8243; images=&#8220;2315&#8243; onclick=&#8220;link_image&#8220; custom_links_target=&#8220;_self&#8220; img_size=&#8220;medium&#8220;][\/vc_column][vc_column width=&#8220;1\/4&#8243;][vc_gallery type=&#8220;flexslider_fade&#8220; interval=&#8220;5&#8243; images=&#8220;2310&#8243; onclick=&#8220;link_image&#8220; custom_links_target=&#8220;_self&#8220; img_size=&#8220;medium&#8220;][\/vc_column][vc_column width=&#8220;1\/4&#8243;][vc_gallery type=&#8220;flexslider_fade&#8220; interval=&#8220;5&#8243; images=&#8220;2308&#8243; onclick=&#8220;link_image&#8220; custom_links_target=&#8220;_self&#8220; img_size=&#8220;medium&#8220;][\/vc_column][\/vc_row][vc_row][vc_column width=&#8220;1\/1&#8243;][vc_column_text]<\/p>\n<h1 style=\"text-align: center;\"><\/h1>\n<ul>\n<li><strong>Hofgestaltung:<\/strong><\/li>\n<\/ul>\n<p>Der sch\u00f6ne, einladende Zugang zum Haus, Eingangsbereich, Hofauffahrt in die Garage, Beeteinfassungen und optische Akzente setzen wir Ihnen gerne.<br \/>\nNach Besprechung und Planung, Entscheidung der passenden Pflastersteine und Platten f\u00fcgen wir Ihnen alles passend zum einladenden Anblick Ihres Anwesens.<\/p>\n<p>Die Zusammenarbeit mit namhaften Herstellern und ausgesuchter H\u00e4ndler erm\u00f6glicht uns ein termingerechtes und preisg\u00fcnstiges Zusammenspiel vieler Varianten und M\u00f6glichkeiten, die sich dann sauber abgerundet in das Ambiente f\u00fcgen.<\/p>\n<p>Sei es eine erforderliche Hangbefestigung, die einfassende Natursteinmauer, geschwungene, in den Garten eingebettete Gartenwege oder gem\u00fctliche Terrassen und lauschige Sitzpl\u00e4tze mit Grillstelle.<br \/>\nDas riesen Angebot bietet jedem das, was er sich w\u00fcnscht und wo man sich wohlf\u00fchlt.<\/p>\n<p>M\u00f6chten Sie selber was gestalten mit Zierschotter, Beetabdeckung, Rindenmulch Hackschnitzel, wir liefern Ihnen das angefragte Material bis zur Haust\u00fcr oder in den Garten.<\/p>\n<ul>\n<li><strong>Gartengestaltung:<\/strong><\/li>\n<\/ul>\n<p>Garten hei\u00dft Natur, Gr\u00fcn, Blumen und B\u00fcsche, schattenspendende B\u00e4ume, Erholung, Geniesen und Auftanken. Warum sich m\u00fchen und viel Energie hineinstecken, um wieder Kraft daraus zu sch\u00f6pfen?<\/p>\n<p>Wir planen und beraten Sie gerne, nehmen Ihre W\u00fcnsche ernst und gestalten Ihnen Ihren pers\u00f6nlichen \u201eKurpark\u201c.<\/p>\n<p>Sie w\u00e4hlen die Pflanzungen Ihres Geschmacks, die Platten und Steine f\u00fcr Wege, Einfassungen und Natursteinbeete, wir nehmen es in die Hand und gestalten Ihnen alles vor Ort ganz in Ihrem Sinne!<\/p>\n<p>Immer wieder neue Ideen und Gestaltungsm\u00f6glichkeiten geben Raum und Ansto\u00df, es f\u00fcr sich selbst zu gestalten. Ein Garten oder Vorplatz mu\u00df nicht die Ewigkeit erleben, nach einer gewissen Zeit m\u00f6chte man eventuell auch mal etwas umgestalten oder komplett neu machen.<br \/>\nDas ist alles kein Problem, rufen Sie an, wir beraten gerne!<\/p>\n<p>Auch dadurch bedingte Baumf\u00e4llungen, R\u00fcckschnitte von Hecken und Str\u00e4uchern, aber auch die Pflanzung der neu erworbenen B\u00fcsche und Blumen sind bei uns im Programm fest eingeplant.[\/vc_column_text][\/vc_column][\/vc_row][vc_row][vc_column width=&#8220;1\/1&#8243;]<div class=\"space40\"><\/div>[\/vc_column][\/vc_row][vc_row][vc_column width=&#8220;1\/1&#8243;]<div class=\"space100\"><\/div><div class=\"space100\"><\/div>[\/vc_column][\/vc_row]<\/p>\n<\/div>","protected":false},"excerpt":{"rendered":"<p>[vc_row][vc_column width=&#8220;1\/1&#8243;][\/vc_column][\/vc_row][vc_row][vc_column width=&#8220;1\/1&#8243;][vc_column_text] Hof- &amp; Gartengestaltung Ein Au\u00dfenbereich zum Wohlf\u00fchlen. [\/vc_column_text][\/vc_column][\/vc_row][vc_row][vc_column width=&#8220;1\/4&#8243;][vc_gallery type=&#8220;flexslider_fade&#8220; interval=&#8220;5&#8243; images=&#8220;2312&#8243; onclick=&#8220;link_image&#8220; custom_links_target=&#8220;_self&#8220; img_size=&#8220;medium&#8220;][\/vc_column][vc_column width=&#8220;1\/4&#8243;][vc_gallery type=&#8220;flexslider_fade&#8220;<\/p>\n","protected":false},"author":1,"featured_media":0,"parent":0,"menu_order":0,"comment_status":"closed","ping_status":"closed","template":"","meta":{"footnotes":""},"class_list":["post-2154","page","type-page","status-publish","hentry"],"_links":{"self":[{"href":"https:\/\/alberthomas.de\/index.php?rest_route=\/wp\/v2\/pages\/2154","targetHints":{"allow":["GET"]}}],"collection":[{"href":"https:\/\/alberthomas.de\/index.php?rest_route=\/wp\/v2\/pages"}],"about":[{"href":"https:\/\/alberthomas.de\/index.php?rest_route=\/wp\/v2\/types\/page"}],"author":[{"embeddable":true,"href":"https:\/\/alberthomas.de\/index.php?rest_route=\/wp\/v2\/users\/1"}],"replies":[{"embeddable":true,"href":"https:\/\/alberthomas.de\/index.php?rest_route=%2Fwp%2Fv2%2Fcomments&post=2154"}],"version-history":[{"count":5,"href":"https:\/\/alberthomas.de\/index.php?rest_route=\/wp\/v2\/pages\/2154\/revisions"}],"predecessor-version":[{"id":2319,"href":"https:\/\/alberthomas.de\/index.php?rest_route=\/wp\/v2\/pages\/2154\/revisions\/2319"}],"wp:attachment":[{"href":"https:\/\/alberthomas.de\/index.php?rest_route=%2Fwp%2Fv2%2Fmedia&parent=2154"}],"curies":[{"name":"wp","href":"https:\/\/api.w.org\/{rel}","templated":true}]}}