{"id":2156,"date":"2015-02-28T11:55:06","date_gmt":"2015-02-28T11:55:06","guid":{"rendered":"http:\/\/alberthomas.de\/wpneu\/?page_id=2156"},"modified":"2015-03-10T09:49:50","modified_gmt":"2015-03-10T09:49:50","slug":"bauprojekte","status":"publish","type":"page","link":"https:\/\/alberthomas.de\/?page_id=2156","title":{"rendered":"Bauprojekte"},"content":{"rendered":"<div class=\"wpb-content-wrapper\"><p>[vc_row][vc_column width=&#8220;1\/1&#8243;]<div class=\"space40\"><\/div>[\/vc_column][\/vc_row][vc_row][vc_column width=&#8220;1\/1&#8243;][vc_column_text]<\/p>\n<h1 style=\"text-align: center;\">Bauprojekte<\/h1>\n<h2 style=\"text-align: left;\">Wir realisieren auch Ihr Wunschbauprojekt.<\/h2>\n<p>Bauprojekte sind, wie der Name schon ahnen l\u00e4sst, sehr umfangreich, sehr unterschiedlich, sei es die Menge, die Gr\u00f6\u00dfe, die Ausf\u00fchrung, der Zweck oder das Aussehen, sprich Architektur.<\/p>\n<p>Jedes Projekt bedarf der richtigen Planung, Berechnung, Durchf\u00fchrung und Betreuung bis zur Fertigstellung.<br \/>\nUnter diesem Begriff findet man Umbauten, Anbauten, Erweiterungen, Neubau, sei es Garage oder Haus.<br \/>\nAlso kurzum: S\u00e4mtliche \u201eBauliche Ma\u00dfnahmen\u201c von der Planung bis zur Fertigstellung.<\/p>\n<p>Sie werden von uns beraten, betreut, wir f\u00fchren f\u00fcr Sie die Ma\u00dfnahmen durch und lassen Sie auch nicht beim Ausbau und Vollenden im Stich.[\/vc_column_text][\/vc_column][\/vc_row][vc_row][vc_column width=&#8220;1\/1&#8243;]<div class=\"space40\"><\/div>[\/vc_column][\/vc_row][vc_row][vc_column width=&#8220;1\/4&#8243;][vc_gallery type=&#8220;flexslider_fade&#8220; interval=&#8220;3&#8243; images=&#8220;2322&#8243; onclick=&#8220;link_image&#8220; custom_links_target=&#8220;_self&#8220; img_size=&#8220;medium&#8220;][\/vc_column][vc_column width=&#8220;1\/4&#8243;][vc_gallery type=&#8220;flexslider_fade&#8220; interval=&#8220;3&#8243; images=&#8220;2321&#8243; onclick=&#8220;link_image&#8220; custom_links_target=&#8220;_self&#8220; img_size=&#8220;medium&#8220;][\/vc_column][vc_column width=&#8220;1\/4&#8243;][vc_gallery type=&#8220;flexslider_fade&#8220; interval=&#8220;3&#8243; images=&#8220;2324&#8243; onclick=&#8220;link_image&#8220; custom_links_target=&#8220;_self&#8220; img_size=&#8220;medium&#8220;][\/vc_column][vc_column width=&#8220;1\/4&#8243;][vc_gallery type=&#8220;flexslider_fade&#8220; interval=&#8220;3&#8243; images=&#8220;2323&#8243; onclick=&#8220;link_image&#8220; custom_links_target=&#8220;_self&#8220; img_size=&#8220;medium&#8220;][\/vc_column][\/vc_row][vc_row][vc_column width=&#8220;1\/1&#8243;]<div class=\"space100\"><\/div><div class=\"space100\"><\/div>[\/vc_column][\/vc_row]<\/p>\n<\/div>","protected":false},"excerpt":{"rendered":"<p>[vc_row][vc_column width=&#8220;1\/1&#8243;][\/vc_column][\/vc_row][vc_row][vc_column width=&#8220;1\/1&#8243;][vc_column_text] Bauprojekte Wir realisieren auch Ihr Wunschbauprojekt. Bauprojekte sind, wie der Name schon ahnen l\u00e4sst, sehr umfangreich, sehr<\/p>\n","protected":false},"author":1,"featured_media":0,"parent":0,"menu_order":0,"comment_status":"closed","ping_status":"closed","template":"","meta":{"footnotes":""},"class_list":["post-2156","page","type-page","status-publish","hentry"],"_links":{"self":[{"href":"https:\/\/alberthomas.de\/index.php?rest_route=\/wp\/v2\/pages\/2156","targetHints":{"allow":["GET"]}}],"collection":[{"href":"https:\/\/alberthomas.de\/index.php?rest_route=\/wp\/v2\/pages"}],"about":[{"href":"https:\/\/alberthomas.de\/index.php?rest_route=\/wp\/v2\/types\/page"}],"author":[{"embeddable":true,"href":"https:\/\/alberthomas.de\/index.php?rest_route=\/wp\/v2\/users\/1"}],"replies":[{"embeddable":true,"href":"https:\/\/alberthomas.de\/index.php?rest_route=%2Fwp%2Fv2%2Fcomments&post=2156"}],"version-history":[{"count":2,"href":"https:\/\/alberthomas.de\/index.php?rest_route=\/wp\/v2\/pages\/2156\/revisions"}],"predecessor-version":[{"id":2325,"href":"https:\/\/alberthomas.de\/index.php?rest_route=\/wp\/v2\/pages\/2156\/revisions\/2325"}],"wp:attachment":[{"href":"https:\/\/alberthomas.de\/index.php?rest_route=%2Fwp%2Fv2%2Fmedia&parent=2156"}],"curies":[{"name":"wp","href":"https:\/\/api.w.org\/{rel}","templated":true}]}}