{"id":2160,"date":"2015-02-28T11:57:45","date_gmt":"2015-02-28T11:57:45","guid":{"rendered":"http:\/\/alberthomas.de\/wpneu\/?page_id=2160"},"modified":"2015-04-04T11:51:36","modified_gmt":"2015-04-04T11:51:36","slug":"schamotte","status":"publish","type":"page","link":"https:\/\/alberthomas.de\/?page_id=2160","title":{"rendered":"Schamotte"},"content":{"rendered":"<div class=\"wpb-content-wrapper\"><p>[vc_row][vc_column width=&#8220;1\/1&#8243;]<div class=\"space40\"><\/div>[\/vc_column][\/vc_row][vc_row][vc_column width=&#8220;1\/1&#8243;][vc_column_text]<\/p>\n<h1 style=\"text-align: center;\">Schamotte<\/h1>\n<h2 style=\"text-align: left;\">Schamotte geh\u00f6ren zum Ofen wie das Brenngut.<\/h2>\n<p>Durch das super Speicherverhalten und die Ma\u00dffertigungsm\u00f6glichkeit von Schamotteziegeln und Platten wird aus jedem Ofen noch ein \u201eW\u00e4rmeakku\u201c.<br \/>\nSie werden zum Bau des Ofens ben\u00f6tigt, aber auch zum Ausmauern des Brennraums im Ofen.\u00a0Nach vielen Jahren Abn\u00fctzung und der Ausdehnung Hitze \u2013 K\u00e4lte k\u00f6nnen auch Schamotteplatten brechen und m\u00fcrbe werden.<\/p>\n<p>Durch unser gro\u00dfes, immer weiter ausgebautes Schamottelager haben wir jede Gr\u00f6\u00dfe und St\u00e4rke von Ziegeln und Platten kurzfristig greifbar oder auch mit S\u00e4gen zurichtbar aufs ben\u00f6tigte Ma\u00df. Aber auch Sonderteile sind innerhalb weniger Tage lieferbar.<br \/>\nOfenrohre, Ersatzteile vom Hersteller, hitzebest\u00e4ndige Glasplatten, Scheiben f\u00fcr die Ofent\u00fcren k\u00f6nnen Sie durch uns beziehen, wir haken nach und bestellen es kurzfristig, damit Ihr Ofen wieder gl\u00fcht !<\/p>\n<p>Spezielle Ofenkacheln nach Wunsch von namhaften Herstellern, Keramikfliesen passend zur Wohnung, zeitlose Natursteinplatten und auch Specksteine erhalten Sie \u00fcber uns.[\/vc_column_text][\/vc_column][\/vc_row][vc_row][vc_column width=&#8220;1\/1&#8243;]<div class=\"space40\"><\/div>[\/vc_column][\/vc_row][vc_row][vc_column width=&#8220;1\/3&#8243;][\/vc_column][vc_column width=&#8220;1\/3&#8243;][vc_gallery type=&#8220;flexslider_fade&#8220; interval=&#8220;3&#8243; images=&#8220;2327&#8243; onclick=&#8220;link_image&#8220; custom_links_target=&#8220;_self&#8220; img_size=&#8220;medium&#8220;][\/vc_column][vc_column width=&#8220;1\/3&#8243;][\/vc_column][\/vc_row][vc_row][vc_column width=&#8220;1\/1&#8243;]<div class=\"space100\"><\/div><div class=\"space100\"><\/div>[\/vc_column][\/vc_row]<\/p>\n<\/div>","protected":false},"excerpt":{"rendered":"<p>[vc_row][vc_column width=&#8220;1\/1&#8243;][\/vc_column][\/vc_row][vc_row][vc_column width=&#8220;1\/1&#8243;][vc_column_text] Schamotte Schamotte geh\u00f6ren zum Ofen wie das Brenngut. Durch das super Speicherverhalten und die Ma\u00dffertigungsm\u00f6glichkeit von Schamotteziegeln<\/p>\n","protected":false},"author":1,"featured_media":0,"parent":0,"menu_order":0,"comment_status":"closed","ping_status":"closed","template":"","meta":{"footnotes":""},"class_list":["post-2160","page","type-page","status-publish","hentry"],"_links":{"self":[{"href":"https:\/\/alberthomas.de\/index.php?rest_route=\/wp\/v2\/pages\/2160","targetHints":{"allow":["GET"]}}],"collection":[{"href":"https:\/\/alberthomas.de\/index.php?rest_route=\/wp\/v2\/pages"}],"about":[{"href":"https:\/\/alberthomas.de\/index.php?rest_route=\/wp\/v2\/types\/page"}],"author":[{"embeddable":true,"href":"https:\/\/alberthomas.de\/index.php?rest_route=\/wp\/v2\/users\/1"}],"replies":[{"embeddable":true,"href":"https:\/\/alberthomas.de\/index.php?rest_route=%2Fwp%2Fv2%2Fcomments&post=2160"}],"version-history":[{"count":4,"href":"https:\/\/alberthomas.de\/index.php?rest_route=\/wp\/v2\/pages\/2160\/revisions"}],"predecessor-version":[{"id":2469,"href":"https:\/\/alberthomas.de\/index.php?rest_route=\/wp\/v2\/pages\/2160\/revisions\/2469"}],"wp:attachment":[{"href":"https:\/\/alberthomas.de\/index.php?rest_route=%2Fwp%2Fv2%2Fmedia&parent=2160"}],"curies":[{"name":"wp","href":"https:\/\/api.w.org\/{rel}","templated":true}]}}