{"id":2164,"date":"2015-02-28T11:59:57","date_gmt":"2015-02-28T11:59:57","guid":{"rendered":"http:\/\/alberthomas.de\/wpneu\/?page_id=2164"},"modified":"2015-03-10T15:37:12","modified_gmt":"2015-03-10T15:37:12","slug":"kacheloefen","status":"publish","type":"page","link":"https:\/\/alberthomas.de\/?page_id=2164","title":{"rendered":"Kachel\u00f6fen"},"content":{"rendered":"<div class=\"wpb-content-wrapper\"><p>[vc_row][vc_column width=&#8220;1\/1&#8243;]<div class=\"space40\"><\/div>[\/vc_column][\/vc_row][vc_row][vc_column width=&#8220;1\/1&#8243;][vc_column_text]<\/p>\n<h1 style=\"text-align: center;\">Kachel\u00f6fen<\/h1>\n<h2 style=\"text-align: left;\">W\u00e4rme die anh\u00e4lt.<\/h2>\n<p>Typische Kachel\u00f6fen werden, wie der Name schon sagt, mit formsch\u00f6nen Kacheln verkleidet und dadurch optisch hervorgehoben.<br \/>\nSie gelten auch als Umluft- oder Konvektions\u00f6fen, da die Raumluft durch das Ofengeh\u00e4use im Durchfliesen erw\u00e4rmt wird und durch Luftgitter wieder an den Raum abgegeben wird.<br \/>\nDas Zimmer wird relativ schnell erw\u00e4rmt, die W\u00e4rme h\u00e4lt aber auch durch die gemauerten Kacheln und Schamottesteine im Brennraum eine sch\u00f6ne Zeit an, wenn das Feuer abgebrannt ist.<\/p>\n<p>Kachel\u00f6fen sind seit vielen hunderten von Jahren in s\u00e4mtlichen Geb\u00e4uden zu finden, vom einfachen Bauernhaus bis hin zu rie\u00dfen Anlagen in Schl\u00f6ssern und Herrenh\u00e4usern.<\/p>\n<p>Im heutigen Gestaltungsdenken ist oft der Dekoputz in wei\u00df oder hellen T\u00f6nen mehr gefragt als die typischen Ofenkacheln, aber trotz allem ist alles gut vertr\u00e4glich und kombinierbar, eben den W\u00fcnschen der Bauherrschaft entsprechend.[\/vc_column_text][\/vc_column][\/vc_row][vc_row][vc_column width=&#8220;1\/1&#8243;]<div class=\"space25\"><\/div>[\/vc_column][\/vc_row][vc_row full_width=&#8220;true&#8220; bg_type=&#8220;image&#8220; bg_grad=&#8220;background: -webkit-gradient(linear, left top, left bottom, color-stop(0%, #E3E3E3));background: -moz-linear-gradient(top,#E3E3E3 0%);background: -webkit-linear-gradient(top,#E3E3E3 0%);background: -o-linear-gradient(top,#E3E3E3 0%);background: -ms-linear-gradient(top,#E3E3E3 0%);background: linear-gradient(top,#E3E3E3 0%);&#8220; parallax_style=&#8220;vcpb-default&#8220; bg_image_new=&#8220;2365&#8243; bg_image_repeat=&#8220;no-repeat&#8220; bg_image_size=&#8220;cover&#8220; bg_img_attach=&#8220;scroll&#8220; parallax_sense=&#8220;30&#8243; animation_direction=&#8220;left-animation&#8220; animation_repeat=&#8220;repeat&#8220; bg_override=&#8220;0&#8243; disable_on_mobile_img_parallax=&#8220;off&#8220; parallax_content_sense=&#8220;30&#8243; fadeout_start_effect=&#8220;30&#8243; overlay_pattern_opacity=&#8220;80&#8243; multi_color_overlay_opacity=&#8220;0.6&#8243; seperator_type=&#8220;none_seperator&#8220; seperator_position=&#8220;top_seperator&#8220; seperator_shape_size=&#8220;40&#8243; seperator_svg_height=&#8220;60&#8243; seperator_shape_background=&#8220;#ffffff&#8220; seperator_shape_border=&#8220;none&#8220; seperator_shape_border_width=&#8220;1&#8243; icon_type=&#8220;no_icon&#8220; icon_size=&#8220;32&#8243; icon_style=&#8220;none&#8220; icon_color_border=&#8220;#333333&#8243; icon_border_size=&#8220;1&#8243; icon_border_radius=&#8220;500&#8243; icon_border_spacing=&#8220;50&#8243; img_width=&#8220;48&#8243; ult_hide_row_large_screen=&#8220;off&#8220; ult_hide_row_desktop=&#8220;off&#8220; ult_hide_row_tablet=&#8220;off&#8220; ult_hide_row_tablet_small=&#8220;off&#8220; ult_hide_row_mobile=&#8220;off&#8220; ult_hide_row_mobile_large=&#8220;off&#8220;][vc_column width=&#8220;1\/1&#8243;]<div class=\"space100\"><\/div><div class=\"space100\"><\/div>[\/vc_column][\/vc_row]<\/p>\n<\/div>","protected":false},"excerpt":{"rendered":"<p>[vc_row][vc_column width=&#8220;1\/1&#8243;][\/vc_column][\/vc_row][vc_row][vc_column width=&#8220;1\/1&#8243;][vc_column_text] Kachel\u00f6fen W\u00e4rme die anh\u00e4lt. Typische Kachel\u00f6fen werden, wie der Name schon sagt, mit formsch\u00f6nen Kacheln verkleidet und<\/p>\n","protected":false},"author":1,"featured_media":0,"parent":2162,"menu_order":0,"comment_status":"closed","ping_status":"closed","template":"","meta":{"footnotes":""},"class_list":["post-2164","page","type-page","status-publish","hentry"],"_links":{"self":[{"href":"https:\/\/alberthomas.de\/index.php?rest_route=\/wp\/v2\/pages\/2164","targetHints":{"allow":["GET"]}}],"collection":[{"href":"https:\/\/alberthomas.de\/index.php?rest_route=\/wp\/v2\/pages"}],"about":[{"href":"https:\/\/alberthomas.de\/index.php?rest_route=\/wp\/v2\/types\/page"}],"author":[{"embeddable":true,"href":"https:\/\/alberthomas.de\/index.php?rest_route=\/wp\/v2\/users\/1"}],"replies":[{"embeddable":true,"href":"https:\/\/alberthomas.de\/index.php?rest_route=%2Fwp%2Fv2%2Fcomments&post=2164"}],"version-history":[{"count":4,"href":"https:\/\/alberthomas.de\/index.php?rest_route=\/wp\/v2\/pages\/2164\/revisions"}],"predecessor-version":[{"id":2368,"href":"https:\/\/alberthomas.de\/index.php?rest_route=\/wp\/v2\/pages\/2164\/revisions\/2368"}],"up":[{"embeddable":true,"href":"https:\/\/alberthomas.de\/index.php?rest_route=\/wp\/v2\/pages\/2162"}],"wp:attachment":[{"href":"https:\/\/alberthomas.de\/index.php?rest_route=%2Fwp%2Fv2%2Fmedia&parent=2164"}],"curies":[{"name":"wp","href":"https:\/\/api.w.org\/{rel}","templated":true}]}}