{"id":2166,"date":"2015-02-28T12:00:57","date_gmt":"2015-02-28T12:00:57","guid":{"rendered":"http:\/\/alberthomas.de\/wpneu\/?page_id=2166"},"modified":"2015-03-11T10:26:53","modified_gmt":"2015-03-11T10:26:53","slug":"grundoefen","status":"publish","type":"page","link":"https:\/\/alberthomas.de\/?page_id=2166","title":{"rendered":"Grund\u00f6fen"},"content":{"rendered":"<div class=\"wpb-content-wrapper\"><p>[vc_row][vc_column width=&#8220;1\/1&#8243;]<div class=\"space40\"><\/div>[\/vc_column][\/vc_row][vc_row][vc_column width=&#8220;1\/1&#8243;][vc_column_text]<\/p>\n<h1 style=\"text-align: center;\">Grund\u00f6fen<\/h1>\n<h2 style=\"text-align: left;\">Flackerndes Feuer f\u00fcr einen ruhigen Winterabend.<\/h2>\n<p>Grund\u00f6fen kommen aus Bergregionen.<br \/>\nAllg\u00e4u, \u00d6sterreich, Schweiz, da wo der Winter und die kalte Jahreszeit oft \u00fcber ein Halbes Jahr geht und der Ofen das \u201eLeben\u201c im Haus erh\u00e4lt. Er ist die Zentrale im Haus, um ihn gesellt sich die Familie, weil er die Heizung des kompletten Hauses ist.<\/p>\n<p>Er wird auch als Speicher- oder Strahlungsofen bezeichnet, weil er im Gegensatz zum Konvektionsofen nicht die Raumluft erw\u00e4rmt (Konvektion), sondern er strahlt die W\u00e4rme ab wie die Sonne. Er hat keine Luftgitter, ist komplett \u201ezugemauert\u201c mit Schamottesteinen und verputzt.<\/p>\n<p>Durch lange, gemauerte Schamottez\u00fcge flie\u00dft der warme Rauch in den Schornstein, nachdem er fast die komplette W\u00e4rme an den Ofen und somit an den Raum abgegeben hat.<br \/>\nBeim Einbrennen wird er wie ein Akku von innen heraus aufgeladen und strahlt dann die ganze W\u00e4rme in den Raum, kann sie viel l\u00e4nger in sich halten und konstanter, langsamer abgeben. Der Heizrythmus l\u00e4uft l\u00e4nger ab und der Mensch kann die W\u00e4rme viel besser aufnehmen.<\/p>\n<p>Der K\u00f6rper nimmt die W\u00e4rme behaglicher auf, das Herz wird ruhiger, schl\u00e4gt langsamer, und so wird das Herz geschont und man wird \u00e4lter.<\/p>\n<p>[\/vc_column_text][\/vc_column][\/vc_row][vc_row][vc_column width=&#8220;1\/1&#8243;]<div class=\"space25\"><\/div>[\/vc_column][\/vc_row][vc_row full_width=&#8220;true&#8220; bg_type=&#8220;image&#8220; bg_grad=&#8220;background: -webkit-gradient(linear, left top, left bottom, color-stop(0%, #E3E3E3));background: -moz-linear-gradient(top,#E3E3E3 0%);background: -webkit-linear-gradient(top,#E3E3E3 0%);background: -o-linear-gradient(top,#E3E3E3 0%);background: -ms-linear-gradient(top,#E3E3E3 0%);background: linear-gradient(top,#E3E3E3 0%);&#8220; parallax_style=&#8220;vcpb-default&#8220; bg_image_new=&#8220;2376&#8243; bg_image_repeat=&#8220;no-repeat&#8220; bg_image_size=&#8220;cover&#8220; bg_img_attach=&#8220;scroll&#8220; parallax_sense=&#8220;30&#8243; animation_direction=&#8220;left-animation&#8220; animation_repeat=&#8220;repeat&#8220; bg_override=&#8220;0&#8243; disable_on_mobile_img_parallax=&#8220;off&#8220; parallax_content_sense=&#8220;30&#8243; fadeout_start_effect=&#8220;30&#8243; overlay_pattern_opacity=&#8220;80&#8243; multi_color_overlay_opacity=&#8220;0.6&#8243; seperator_type=&#8220;none_seperator&#8220; seperator_position=&#8220;top_seperator&#8220; seperator_shape_size=&#8220;40&#8243; seperator_svg_height=&#8220;60&#8243; seperator_shape_background=&#8220;#ffffff&#8220; seperator_shape_border=&#8220;none&#8220; seperator_shape_border_width=&#8220;1&#8243; icon_type=&#8220;no_icon&#8220; icon_size=&#8220;32&#8243; icon_style=&#8220;none&#8220; icon_color_border=&#8220;#333333&#8243; icon_border_size=&#8220;1&#8243; icon_border_radius=&#8220;500&#8243; icon_border_spacing=&#8220;50&#8243; img_width=&#8220;48&#8243; ult_hide_row_large_screen=&#8220;off&#8220; ult_hide_row_desktop=&#8220;off&#8220; ult_hide_row_tablet=&#8220;off&#8220; ult_hide_row_tablet_small=&#8220;off&#8220; ult_hide_row_mobile=&#8220;off&#8220; ult_hide_row_mobile_large=&#8220;off&#8220;][vc_column width=&#8220;1\/1&#8243;]<div class=\"space100\"><\/div><div class=\"space100\"><\/div>[\/vc_column][\/vc_row]<\/p>\n<\/div>","protected":false},"excerpt":{"rendered":"<p>[vc_row][vc_column width=&#8220;1\/1&#8243;][\/vc_column][\/vc_row][vc_row][vc_column width=&#8220;1\/1&#8243;][vc_column_text] Grund\u00f6fen Flackerndes Feuer f\u00fcr einen ruhigen Winterabend. Grund\u00f6fen kommen aus Bergregionen. Allg\u00e4u, \u00d6sterreich, Schweiz, da wo der<\/p>\n","protected":false},"author":1,"featured_media":0,"parent":2162,"menu_order":0,"comment_status":"closed","ping_status":"closed","template":"","meta":{"footnotes":""},"class_list":["post-2166","page","type-page","status-publish","hentry"],"_links":{"self":[{"href":"https:\/\/alberthomas.de\/index.php?rest_route=\/wp\/v2\/pages\/2166","targetHints":{"allow":["GET"]}}],"collection":[{"href":"https:\/\/alberthomas.de\/index.php?rest_route=\/wp\/v2\/pages"}],"about":[{"href":"https:\/\/alberthomas.de\/index.php?rest_route=\/wp\/v2\/types\/page"}],"author":[{"embeddable":true,"href":"https:\/\/alberthomas.de\/index.php?rest_route=\/wp\/v2\/users\/1"}],"replies":[{"embeddable":true,"href":"https:\/\/alberthomas.de\/index.php?rest_route=%2Fwp%2Fv2%2Fcomments&post=2166"}],"version-history":[{"count":4,"href":"https:\/\/alberthomas.de\/index.php?rest_route=\/wp\/v2\/pages\/2166\/revisions"}],"predecessor-version":[{"id":2377,"href":"https:\/\/alberthomas.de\/index.php?rest_route=\/wp\/v2\/pages\/2166\/revisions\/2377"}],"up":[{"embeddable":true,"href":"https:\/\/alberthomas.de\/index.php?rest_route=\/wp\/v2\/pages\/2162"}],"wp:attachment":[{"href":"https:\/\/alberthomas.de\/index.php?rest_route=%2Fwp%2Fv2%2Fmedia&parent=2166"}],"curies":[{"name":"wp","href":"https:\/\/api.w.org\/{rel}","templated":true}]}}