{"id":2176,"date":"2015-02-28T12:06:36","date_gmt":"2015-02-28T12:06:36","guid":{"rendered":"http:\/\/alberthomas.de\/wpneu\/?page_id=2176"},"modified":"2015-03-11T10:50:54","modified_gmt":"2015-03-11T10:50:54","slug":"ofenreinigung","status":"publish","type":"page","link":"https:\/\/alberthomas.de\/?page_id=2176","title":{"rendered":"Reinigung\/Reparatur"},"content":{"rendered":"<div class=\"wpb-content-wrapper\"><p>[vc_row][vc_column width=&#8220;1\/1&#8243;]<div class=\"space40\"><\/div>[\/vc_column][\/vc_row][vc_row][vc_column width=&#8220;1\/1&#8243;][vc_column_text]<\/p>\n<h1 style=\"text-align: center;\">Ofenreinigung &amp; Ofenreparatur<\/h1>\n<h2 style=\"text-align: left;\">F\u00fcr anhaltende\u00a0Freude am Ofen.<\/h2>\n<p>Wir verkaufen nicht nur neue \u00d6fen, nein, wir stehen auch sp\u00e4ter noch mit Rat und Tat, mit Brennholz und Wartung, aber auch der wichtigen Reinigung zur Verf\u00fcgung!<\/p>\n<p>Ihr Auto muss auch gewartet und auf Funktion gepr\u00fcft werden damit es optimal f\u00e4hrt und kein Unfall passiert.<br \/>\nSo sind auch die Holz\u00f6fen zu reinigen und ab und zu mal zu \u00dcberpr\u00fcfen.<br \/>\nWenn man Holz reinwirft, muss Rauch und Ru\u00df rauskommen.<br \/>\nDie Rauchrohre und Z\u00fcge k\u00f6nnen aber auch mal so \u201ezusetzen\u201c, dass der Ofen nicht mehr richtig funktionert.<br \/>\nDeshalb ist das regelm\u00e4\u00dfige \u201eausru\u00dfen\u201c der Rohre und Z\u00fcge dringend erforderlich!<\/p>\n<p>Wir machen das jedes Jahr an einem oder zwei Terminen im Herbst, sodass wir nur einmal aussehen wie ein Kaminfeger !<br \/>\nDer \u201eRua\u00dfel-Tag\u201c von uns wird Ihnen dann, wenn n\u00f6tig, rechtzeitig bekanntgegeben, dann k\u00f6nnen Sie alles vorbereiten und wir kommen vorbei.<br \/>\nDanach verrichtet Ihr Ofen wieder frisch gest\u00e4rkt und gereinigt froh seinen Dienst!<\/p>\n<p>Und sollte an Ihrem Ofen etwas durch Abnutzung oder Ausdehnung (dem nat\u00fcrlichen Arbeiten des Ofens) zu Bruch gehen, Schamotteausmauerung im Brennraum br\u00f6ckeln, oder sonstige Teile kaputtgehen, ist das kein Grund, in der K\u00e4lte zu sitzen.<\/p>\n<p>Wir mauern den Brennraum neu aus, haben passende Platten im Lager, bestellen Zubeh\u00f6r-Ersatzteile und tauschen diese\u00a0aus.<br \/>\nAuch Glasscheiben k\u00f6nnen problemlos von uns ausgetauscht werden.[\/vc_column_text][\/vc_column][\/vc_row][vc_row][vc_column width=&#8220;1\/1&#8243;]<div class=\"space25\"><\/div>[\/vc_column][\/vc_row][vc_row full_width=&#8220;true&#8220; bg_type=&#8220;image&#8220; bg_grad=&#8220;background: -webkit-gradient(linear, left top, left bottom, color-stop(0%, #E3E3E3));background: -moz-linear-gradient(top,#E3E3E3 0%);background: -webkit-linear-gradient(top,#E3E3E3 0%);background: -o-linear-gradient(top,#E3E3E3 0%);background: -ms-linear-gradient(top,#E3E3E3 0%);background: linear-gradient(top,#E3E3E3 0%);&#8220; parallax_style=&#8220;vcpb-default&#8220; bg_image_new=&#8220;2343&#8243; bg_image_repeat=&#8220;no-repeat&#8220; bg_image_size=&#8220;cover&#8220; bg_img_attach=&#8220;scroll&#8220; parallax_sense=&#8220;30&#8243; animation_direction=&#8220;left-animation&#8220; animation_repeat=&#8220;repeat&#8220; bg_override=&#8220;0&#8243; disable_on_mobile_img_parallax=&#8220;off&#8220; parallax_content_sense=&#8220;30&#8243; fadeout_start_effect=&#8220;30&#8243; overlay_pattern_opacity=&#8220;80&#8243; multi_color_overlay_opacity=&#8220;0.6&#8243; seperator_type=&#8220;none_seperator&#8220; seperator_position=&#8220;top_seperator&#8220; seperator_shape_size=&#8220;40&#8243; seperator_svg_height=&#8220;60&#8243; seperator_shape_background=&#8220;#ffffff&#8220; seperator_shape_border=&#8220;none&#8220; seperator_shape_border_width=&#8220;1&#8243; icon_type=&#8220;no_icon&#8220; icon_size=&#8220;32&#8243; icon_style=&#8220;none&#8220; icon_color_border=&#8220;#333333&#8243; icon_border_size=&#8220;1&#8243; icon_border_radius=&#8220;500&#8243; icon_border_spacing=&#8220;50&#8243; img_width=&#8220;48&#8243; ult_hide_row_large_screen=&#8220;off&#8220; ult_hide_row_desktop=&#8220;off&#8220; ult_hide_row_tablet=&#8220;off&#8220; ult_hide_row_tablet_small=&#8220;off&#8220; ult_hide_row_mobile=&#8220;off&#8220; ult_hide_row_mobile_large=&#8220;off&#8220;][vc_column width=&#8220;1\/1&#8243;]<div class=\"space100\"><\/div><div class=\"space100\"><\/div>[\/vc_column][\/vc_row]<\/p>\n<\/div>","protected":false},"excerpt":{"rendered":"<p>[vc_row][vc_column width=&#8220;1\/1&#8243;][\/vc_column][\/vc_row][vc_row][vc_column width=&#8220;1\/1&#8243;][vc_column_text] Ofenreinigung &amp; Ofenreparatur F\u00fcr anhaltende\u00a0Freude am Ofen. Wir verkaufen nicht nur neue \u00d6fen, nein, wir stehen auch<\/p>\n","protected":false},"author":1,"featured_media":0,"parent":2137,"menu_order":0,"comment_status":"closed","ping_status":"closed","template":"","meta":{"footnotes":""},"class_list":["post-2176","page","type-page","status-publish","hentry"],"_links":{"self":[{"href":"https:\/\/alberthomas.de\/index.php?rest_route=\/wp\/v2\/pages\/2176","targetHints":{"allow":["GET"]}}],"collection":[{"href":"https:\/\/alberthomas.de\/index.php?rest_route=\/wp\/v2\/pages"}],"about":[{"href":"https:\/\/alberthomas.de\/index.php?rest_route=\/wp\/v2\/types\/page"}],"author":[{"embeddable":true,"href":"https:\/\/alberthomas.de\/index.php?rest_route=\/wp\/v2\/users\/1"}],"replies":[{"embeddable":true,"href":"https:\/\/alberthomas.de\/index.php?rest_route=%2Fwp%2Fv2%2Fcomments&post=2176"}],"version-history":[{"count":5,"href":"https:\/\/alberthomas.de\/index.php?rest_route=\/wp\/v2\/pages\/2176\/revisions"}],"predecessor-version":[{"id":2386,"href":"https:\/\/alberthomas.de\/index.php?rest_route=\/wp\/v2\/pages\/2176\/revisions\/2386"}],"up":[{"embeddable":true,"href":"https:\/\/alberthomas.de\/index.php?rest_route=\/wp\/v2\/pages\/2137"}],"wp:attachment":[{"href":"https:\/\/alberthomas.de\/index.php?rest_route=%2Fwp%2Fv2%2Fmedia&parent=2176"}],"curies":[{"name":"wp","href":"https:\/\/api.w.org\/{rel}","templated":true}]}}