{"id":2184,"date":"2015-02-28T12:11:41","date_gmt":"2015-02-28T12:11:41","guid":{"rendered":"http:\/\/alberthomas.de\/wpneu\/?page_id=2184"},"modified":"2015-03-11T11:30:16","modified_gmt":"2015-03-11T11:30:16","slug":"fertigteilschornsteine","status":"publish","type":"page","link":"https:\/\/alberthomas.de\/?page_id=2184","title":{"rendered":"Fertigteilschornsteine"},"content":{"rendered":"<div class=\"wpb-content-wrapper\"><p>[vc_row][vc_column width=&#8220;1\/1&#8243;]<div class=\"space40\"><\/div>[\/vc_column][\/vc_row][vc_row][vc_column width=&#8220;1\/1&#8243;][vc_column_text]<\/p>\n<h1 style=\"text-align: center;\">Fertigteilschornsteine<\/h1>\n<h2 style=\"text-align: left;\">Von Handziegeln zu Fertigteilen.<\/h2>\n<p>Die ersten Schornsteine wurden einzeln mit Handziegeln tageweise gemauert.<br \/>\nDann kamen die ersten Formzeigelsteine auf den Markt, die auch heute noch in Gebrauch sind. Aber der Stundenlohn und der st\u00e4ndige Zeitdruck sind auf dem Bau das teuerste Gut, deshalb hat die Industrie, geschosshohe Fertigschornsteine auf den Markt gebracht. Diese werden sehr oft eingesetzt.<br \/>\nSie sind bis zu 7 Meter hoch und werden mit einem\u00a0Kran aufgestellt und exakt gesetzt.<br \/>\nReichen die 7 Meter nicht, kommen einfach mehrere Teile aufeinander, kein Problem.<br \/>\nSie bestehen aus Ziegelbeton-Formsteinen, innen schon die Schamotterohrz\u00fcge mit Reinigungst\u00fcre und Ofen-Anschlu\u00dfst\u00fcck nach Ma\u00df,<br \/>\nInnen-Steinwolled\u00e4mmung und dem Kaminkopf. So steht der Schornstein mit 8-15 metern innerhalb von 1 Stunde!<br \/>\nEr kann auch nachtr\u00e4glich in Geb\u00e4ude eingesetzt werden, Vorraussetzung sind s\u00e4mtliche Dach- und Deckendurchf\u00fchrungen nach Ma\u00df im Lot!<\/p>\n<p>Fragen sie nach, wir helfen ihnen gerne weiter!<\/p>\n<p>&nbsp;<\/p>\n<p>[\/vc_column_text][\/vc_column][\/vc_row][vc_row][vc_column width=&#8220;1\/1&#8243;]<div class=\"space25\"><\/div>[\/vc_column][\/vc_row][vc_row full_width=&#8220;true&#8220; bg_type=&#8220;image&#8220; bg_grad=&#8220;background: -webkit-gradient(linear, left top, left bottom, color-stop(0%, #E3E3E3));background: -moz-linear-gradient(top,#E3E3E3 0%);background: -webkit-linear-gradient(top,#E3E3E3 0%);background: -o-linear-gradient(top,#E3E3E3 0%);background: -ms-linear-gradient(top,#E3E3E3 0%);background: linear-gradient(top,#E3E3E3 0%);&#8220; parallax_style=&#8220;vcpb-default&#8220; bg_image_new=&#8220;2390&#8243; bg_image_repeat=&#8220;no-repeat&#8220; bg_image_size=&#8220;cover&#8220; bg_img_attach=&#8220;scroll&#8220; parallax_sense=&#8220;30&#8243; animation_direction=&#8220;left-animation&#8220; animation_repeat=&#8220;repeat&#8220; bg_override=&#8220;0&#8243; disable_on_mobile_img_parallax=&#8220;off&#8220; parallax_content_sense=&#8220;30&#8243; fadeout_start_effect=&#8220;30&#8243; overlay_pattern_opacity=&#8220;80&#8243; multi_color_overlay_opacity=&#8220;0.6&#8243; seperator_type=&#8220;none_seperator&#8220; seperator_position=&#8220;top_seperator&#8220; seperator_shape_size=&#8220;40&#8243; seperator_svg_height=&#8220;60&#8243; seperator_shape_background=&#8220;#ffffff&#8220; seperator_shape_border=&#8220;none&#8220; seperator_shape_border_width=&#8220;1&#8243; icon_type=&#8220;no_icon&#8220; icon_size=&#8220;32&#8243; icon_style=&#8220;none&#8220; icon_color_border=&#8220;#333333&#8243; icon_border_size=&#8220;1&#8243; icon_border_radius=&#8220;500&#8243; icon_border_spacing=&#8220;50&#8243; img_width=&#8220;48&#8243; ult_hide_row_large_screen=&#8220;off&#8220; ult_hide_row_desktop=&#8220;off&#8220; ult_hide_row_tablet=&#8220;off&#8220; ult_hide_row_tablet_small=&#8220;off&#8220; ult_hide_row_mobile=&#8220;off&#8220; ult_hide_row_mobile_large=&#8220;off&#8220;][vc_column width=&#8220;1\/1&#8243;]<div class=\"space100\"><\/div><div class=\"space100\"><\/div>[\/vc_column][\/vc_row]<\/p>\n<\/div>","protected":false},"excerpt":{"rendered":"<p>[vc_row][vc_column width=&#8220;1\/1&#8243;][\/vc_column][\/vc_row][vc_row][vc_column width=&#8220;1\/1&#8243;][vc_column_text] Fertigteilschornsteine Von Handziegeln zu Fertigteilen. Die ersten Schornsteine wurden einzeln mit Handziegeln tageweise gemauert. Dann kamen die<\/p>\n","protected":false},"author":1,"featured_media":0,"parent":2180,"menu_order":0,"comment_status":"closed","ping_status":"closed","template":"","meta":{"footnotes":""},"class_list":["post-2184","page","type-page","status-publish","hentry"],"_links":{"self":[{"href":"https:\/\/alberthomas.de\/index.php?rest_route=\/wp\/v2\/pages\/2184","targetHints":{"allow":["GET"]}}],"collection":[{"href":"https:\/\/alberthomas.de\/index.php?rest_route=\/wp\/v2\/pages"}],"about":[{"href":"https:\/\/alberthomas.de\/index.php?rest_route=\/wp\/v2\/types\/page"}],"author":[{"embeddable":true,"href":"https:\/\/alberthomas.de\/index.php?rest_route=\/wp\/v2\/users\/1"}],"replies":[{"embeddable":true,"href":"https:\/\/alberthomas.de\/index.php?rest_route=%2Fwp%2Fv2%2Fcomments&post=2184"}],"version-history":[{"count":4,"href":"https:\/\/alberthomas.de\/index.php?rest_route=\/wp\/v2\/pages\/2184\/revisions"}],"predecessor-version":[{"id":2396,"href":"https:\/\/alberthomas.de\/index.php?rest_route=\/wp\/v2\/pages\/2184\/revisions\/2396"}],"up":[{"embeddable":true,"href":"https:\/\/alberthomas.de\/index.php?rest_route=\/wp\/v2\/pages\/2180"}],"wp:attachment":[{"href":"https:\/\/alberthomas.de\/index.php?rest_route=%2Fwp%2Fv2%2Fmedia&parent=2184"}],"curies":[{"name":"wp","href":"https:\/\/api.w.org\/{rel}","templated":true}]}}