{"id":2215,"date":"2015-02-28T12:50:28","date_gmt":"2015-02-28T12:50:28","guid":{"rendered":"http:\/\/alberthomas.de\/wpneu\/?page_id=2215"},"modified":"2015-03-13T13:38:48","modified_gmt":"2015-03-13T13:38:48","slug":"regenwassernutzung","status":"publish","type":"page","link":"https:\/\/alberthomas.de\/?page_id=2215","title":{"rendered":"Regenwassernutzung"},"content":{"rendered":"<div class=\"wpb-content-wrapper\"><p>[vc_row][vc_column width=&#8220;1\/1&#8243;]<div class=\"space40\"><\/div>[\/vc_column][\/vc_row][vc_row][vc_column width=&#8220;1\/1&#8243;][vc_column_text]<\/p>\n<h1 style=\"text-align: center;\">Regenwassernutzung<\/h1>\n<h2 style=\"text-align: left;\">Aus Regenwasser wird Brauchwasser.<\/h2>\n<p>Gr\u00f6\u00dfere Firmen ben\u00f6tigen oft gro\u00dfe Mengen Wasser\u00a0um etwas zu reinigen, Rasenfl\u00e4chen und B\u00fcsche zu w\u00e4ssern, oder um\u00a0L\u00f6schwasser im Brandfall zur Verf\u00fcgung zu haben.<br \/>\nSo wird aus Regenwasser wichtiges Brauchwasser. Damit Schwebteile und organische Bestandteile, die im Regenwasser enthalten sind, nicht f\u00fcr \u201edicke Luft\u201c, d.h. stinkiges, braunes Wasser sorgen, werden sie gleich mit eingepassten Filtern ausgesiebt und aufbereitet.<br \/>\nAuch Absenkbecken und \u201eVorfluter\u201c sorgen f\u00fcr sauberes Wasser.[\/vc_column_text][\/vc_column][\/vc_row][vc_row][vc_column width=&#8220;1\/1&#8243;]<div class=\"space25\"><\/div>[\/vc_column][\/vc_row][vc_row full_width=&#8220;true&#8220; bg_type=&#8220;image&#8220; bg_grad=&#8220;background: -webkit-gradient(linear, left top, left bottom, color-stop(0%, #E3E3E3));background: -moz-linear-gradient(top,#E3E3E3 0%);background: -webkit-linear-gradient(top,#E3E3E3 0%);background: -o-linear-gradient(top,#E3E3E3 0%);background: -ms-linear-gradient(top,#E3E3E3 0%);background: linear-gradient(top,#E3E3E3 0%);&#8220; parallax_style=&#8220;vcpb-default&#8220; bg_image_new=&#8220;2435&#8243; bg_image_repeat=&#8220;no-repeat&#8220; bg_image_size=&#8220;cover&#8220; bg_img_attach=&#8220;scroll&#8220; parallax_sense=&#8220;30&#8243; animation_direction=&#8220;left-animation&#8220; animation_repeat=&#8220;repeat&#8220; bg_override=&#8220;0&#8243; disable_on_mobile_img_parallax=&#8220;off&#8220; parallax_content_sense=&#8220;30&#8243; fadeout_start_effect=&#8220;30&#8243; overlay_pattern_opacity=&#8220;80&#8243; multi_color_overlay_opacity=&#8220;0.6&#8243; seperator_type=&#8220;none_seperator&#8220; seperator_position=&#8220;top_seperator&#8220; seperator_shape_size=&#8220;40&#8243; seperator_svg_height=&#8220;60&#8243; seperator_shape_background=&#8220;#ffffff&#8220; seperator_shape_border=&#8220;none&#8220; seperator_shape_border_width=&#8220;1&#8243; icon_type=&#8220;no_icon&#8220; icon_size=&#8220;32&#8243; icon_style=&#8220;none&#8220; icon_color_border=&#8220;#333333&#8243; icon_border_size=&#8220;1&#8243; icon_border_radius=&#8220;500&#8243; icon_border_spacing=&#8220;50&#8243; img_width=&#8220;48&#8243; ult_hide_row_large_screen=&#8220;off&#8220; ult_hide_row_desktop=&#8220;off&#8220; ult_hide_row_tablet=&#8220;off&#8220; ult_hide_row_tablet_small=&#8220;off&#8220; ult_hide_row_mobile=&#8220;off&#8220; ult_hide_row_mobile_large=&#8220;off&#8220;][vc_column width=&#8220;1\/1&#8243;]<div class=\"space100\"><\/div><div class=\"space100\"><\/div>[\/vc_column][\/vc_row]<\/p>\n<\/div>","protected":false},"excerpt":{"rendered":"<p>[vc_row][vc_column width=&#8220;1\/1&#8243;][\/vc_column][\/vc_row][vc_row][vc_column width=&#8220;1\/1&#8243;][vc_column_text] Regenwassernutzung Aus Regenwasser wird Brauchwasser. Gr\u00f6\u00dfere Firmen ben\u00f6tigen oft gro\u00dfe Mengen Wasser\u00a0um etwas zu reinigen, Rasenfl\u00e4chen und<\/p>\n","protected":false},"author":1,"featured_media":0,"parent":2212,"menu_order":0,"comment_status":"closed","ping_status":"closed","template":"","meta":{"footnotes":""},"class_list":["post-2215","page","type-page","status-publish","hentry"],"_links":{"self":[{"href":"https:\/\/alberthomas.de\/index.php?rest_route=\/wp\/v2\/pages\/2215","targetHints":{"allow":["GET"]}}],"collection":[{"href":"https:\/\/alberthomas.de\/index.php?rest_route=\/wp\/v2\/pages"}],"about":[{"href":"https:\/\/alberthomas.de\/index.php?rest_route=\/wp\/v2\/types\/page"}],"author":[{"embeddable":true,"href":"https:\/\/alberthomas.de\/index.php?rest_route=\/wp\/v2\/users\/1"}],"replies":[{"embeddable":true,"href":"https:\/\/alberthomas.de\/index.php?rest_route=%2Fwp%2Fv2%2Fcomments&post=2215"}],"version-history":[{"count":3,"href":"https:\/\/alberthomas.de\/index.php?rest_route=\/wp\/v2\/pages\/2215\/revisions"}],"predecessor-version":[{"id":2436,"href":"https:\/\/alberthomas.de\/index.php?rest_route=\/wp\/v2\/pages\/2215\/revisions\/2436"}],"up":[{"embeddable":true,"href":"https:\/\/alberthomas.de\/index.php?rest_route=\/wp\/v2\/pages\/2212"}],"wp:attachment":[{"href":"https:\/\/alberthomas.de\/index.php?rest_route=%2Fwp%2Fv2%2Fmedia&parent=2215"}],"curies":[{"name":"wp","href":"https:\/\/api.w.org\/{rel}","templated":true}]}}