{"id":2220,"date":"2015-02-28T12:56:39","date_gmt":"2015-02-28T12:56:39","guid":{"rendered":"http:\/\/alberthomas.de\/wpneu\/?page_id=2220"},"modified":"2015-03-13T13:50:07","modified_gmt":"2015-03-13T13:50:07","slug":"dacharbeiten","status":"publish","type":"page","link":"https:\/\/alberthomas.de\/?page_id=2220","title":{"rendered":"Dacharbeiten"},"content":{"rendered":"<div class=\"wpb-content-wrapper\"><p>[vc_row][vc_column width=&#8220;1\/1&#8243;]<div class=\"space40\"><\/div>[\/vc_column][\/vc_row][vc_row][vc_column width=&#8220;1\/1&#8243;][vc_column_text]<\/p>\n<h1 style=\"text-align: center;\">Dacharbeiten<\/h1>\n<h2 style=\"text-align: left;\">Wir steigen Ihnen aufs Dach.<\/h2>\n<p>Das wichtigste an einem Haus sind das Fundament und das Dach!<br \/>\nDieser Satz hats in sich. Aber er stimmt. Sind Fundamente zu klein ausgef\u00fchrt, kommt es zu Setzungen und Risse im Geb\u00e4udekern.<\/p>\n<p>Ist das Dach falsch ausgef\u00fchrt oder gar undicht, dann bekommt man den oder die Wassersch\u00e4den nicht mehr in den Griff, Holz und Mauerwerk verlieren die Tragf\u00e4higkeit, Best\u00e4ndigkeit, F\u00e4ulnis und Schimmel nehmen \u00fcberhand.<\/p>\n<p>Sei es bei Neudeckungen, Umbau, Abdichtung, D\u00e4mmung usw.<br \/>\nWir helfen Ihnen gerne. Meist im Fr\u00fchjahr kommen regelm\u00e4\u00dfig St\u00fcrme auf, die oft auch lose Dachzeigel oder gar fetse Firstziegel mitrei\u00dfen.<br \/>\n\u201cLothar\u201c und \u201eWibke\u201c haben uns in Angst und Reparaturen gest\u00fcrzt. Wenn solch ein Notfall eintritt, sei es auch an Feiertagen, machen wir uns unverz\u00fcglich auf und reparieren Ihr Dach, damit es nicht reinregnet.<\/p>\n<p>Wir montieren auch Dachtritte, damit der Schornsteinfeger nicht \u201edaneben\u201c tritt.[\/vc_column_text][\/vc_column][\/vc_row][vc_row][vc_column width=&#8220;1\/1&#8243;]<div class=\"space25\"><\/div>[\/vc_column][\/vc_row][vc_row full_width=&#8220;true&#8220; bg_type=&#8220;image&#8220; bg_grad=&#8220;background: -webkit-gradient(linear, left top, left bottom, color-stop(0%, #E3E3E3));background: -moz-linear-gradient(top,#E3E3E3 0%);background: -webkit-linear-gradient(top,#E3E3E3 0%);background: -o-linear-gradient(top,#E3E3E3 0%);background: -ms-linear-gradient(top,#E3E3E3 0%);background: linear-gradient(top,#E3E3E3 0%);&#8220; parallax_style=&#8220;vcpb-default&#8220; bg_image_new=&#8220;2441&#8243; bg_image_repeat=&#8220;no-repeat&#8220; bg_image_size=&#8220;cover&#8220; bg_img_attach=&#8220;scroll&#8220; parallax_sense=&#8220;30&#8243; animation_direction=&#8220;left-animation&#8220; animation_repeat=&#8220;repeat&#8220; bg_override=&#8220;0&#8243; disable_on_mobile_img_parallax=&#8220;off&#8220; parallax_content_sense=&#8220;30&#8243; fadeout_start_effect=&#8220;30&#8243; overlay_pattern_opacity=&#8220;80&#8243; multi_color_overlay_opacity=&#8220;0.6&#8243; seperator_type=&#8220;none_seperator&#8220; seperator_position=&#8220;top_seperator&#8220; seperator_shape_size=&#8220;40&#8243; seperator_svg_height=&#8220;60&#8243; seperator_shape_background=&#8220;#ffffff&#8220; seperator_shape_border=&#8220;none&#8220; seperator_shape_border_width=&#8220;1&#8243; icon_type=&#8220;no_icon&#8220; icon_size=&#8220;32&#8243; icon_style=&#8220;none&#8220; icon_color_border=&#8220;#333333&#8243; icon_border_size=&#8220;1&#8243; icon_border_radius=&#8220;500&#8243; icon_border_spacing=&#8220;50&#8243; img_width=&#8220;48&#8243; ult_hide_row_large_screen=&#8220;off&#8220; ult_hide_row_desktop=&#8220;off&#8220; ult_hide_row_tablet=&#8220;off&#8220; ult_hide_row_tablet_small=&#8220;off&#8220; ult_hide_row_mobile=&#8220;off&#8220; ult_hide_row_mobile_large=&#8220;off&#8220;][vc_column width=&#8220;1\/1&#8243;]<div class=\"space100\"><\/div><div class=\"space100\"><\/div>[\/vc_column][\/vc_row]<\/p>\n<\/div>","protected":false},"excerpt":{"rendered":"<p>[vc_row][vc_column width=&#8220;1\/1&#8243;][\/vc_column][\/vc_row][vc_row][vc_column width=&#8220;1\/1&#8243;][vc_column_text] Dacharbeiten Wir steigen Ihnen aufs Dach. Das wichtigste an einem Haus sind das Fundament und das Dach!<\/p>\n","protected":false},"author":1,"featured_media":0,"parent":2156,"menu_order":0,"comment_status":"closed","ping_status":"closed","template":"","meta":{"footnotes":""},"class_list":["post-2220","page","type-page","status-publish","hentry"],"_links":{"self":[{"href":"https:\/\/alberthomas.de\/index.php?rest_route=\/wp\/v2\/pages\/2220","targetHints":{"allow":["GET"]}}],"collection":[{"href":"https:\/\/alberthomas.de\/index.php?rest_route=\/wp\/v2\/pages"}],"about":[{"href":"https:\/\/alberthomas.de\/index.php?rest_route=\/wp\/v2\/types\/page"}],"author":[{"embeddable":true,"href":"https:\/\/alberthomas.de\/index.php?rest_route=\/wp\/v2\/users\/1"}],"replies":[{"embeddable":true,"href":"https:\/\/alberthomas.de\/index.php?rest_route=%2Fwp%2Fv2%2Fcomments&post=2220"}],"version-history":[{"count":3,"href":"https:\/\/alberthomas.de\/index.php?rest_route=\/wp\/v2\/pages\/2220\/revisions"}],"predecessor-version":[{"id":2442,"href":"https:\/\/alberthomas.de\/index.php?rest_route=\/wp\/v2\/pages\/2220\/revisions\/2442"}],"up":[{"embeddable":true,"href":"https:\/\/alberthomas.de\/index.php?rest_route=\/wp\/v2\/pages\/2156"}],"wp:attachment":[{"href":"https:\/\/alberthomas.de\/index.php?rest_route=%2Fwp%2Fv2%2Fmedia&parent=2220"}],"curies":[{"name":"wp","href":"https:\/\/api.w.org\/{rel}","templated":true}]}}