{"id":2227,"date":"2015-02-28T13:07:48","date_gmt":"2015-02-28T13:07:48","guid":{"rendered":"http:\/\/alberthomas.de\/wpneu\/?page_id=2227"},"modified":"2015-06-22T21:23:20","modified_gmt":"2015-06-22T21:23:20","slug":"betonfertigteile","status":"publish","type":"page","link":"https:\/\/alberthomas.de\/?page_id=2227","title":{"rendered":"Betonfertigteile"},"content":{"rendered":"<div class=\"wpb-content-wrapper\"><p>[vc_row][vc_column width=&#8220;1\/1&#8243;]<div class=\"space40\"><\/div>[\/vc_column][\/vc_row][vc_row][vc_column width=&#8220;1\/1&#8243;][vc_column_text]<\/p>\n<h1 style=\"text-align: center;\">Betonfertigteile<\/h1>\n<h2 style=\"text-align: left;\">Schmuckst\u00fccke f\u00fcr den Garten.<\/h2>\n<p>Beton ist sehr vielseitig und gut formbar, dann aber witterungsbest\u00e4ndig und stabil. Schon sehr fr\u00fch (In der Lehre) stellten wir Schalungen f\u00fcr Blumentr\u00f6ge her, gossen sie mit Beton verschiedenster Rezepturen aus und freuten uns,\u00a0als wir das \u201eGeschenk auspackten\u201c.<br \/>\nNat\u00fcrlich gab\u00a0es keine \u00dcberraschung, denn wir hatten stets vorausgeplant.<\/p>\n<p>Durch einf\u00e4rben des Zements im Beton, verschiedener Oberfl\u00e4chen in der Schalung und die Passgenauen Formen k\u00f6nnen wir alles nach Wunsch gestalten. Ob Blumentr\u00f6ge verschiedener Ma\u00dfe, mit Wappen optisch hervorgehoben, verschiedenster Gartenm\u00f6bel, Dekorst\u00fccken und Kombinationen entstehen kleine Schmuckst\u00fccke f\u00fcr den Garten, neben die Haust\u00fcre zur Begr\u00fc\u00dfung oder zur Gestaltung lauschiger Gartenecken.<\/p>\n<p>Das vor vielen Jahren selbstentwickelte, eigene Programm von Gartenwegplatten f\u00fcr Beetfl\u00e4chen und Gem\u00fcseinseln in U-Form, kombinierbar mit verschiedenen Breiten und Kreuzungen ist dauerhaft und f\u00fcr den eigenen Garten g\u00fcnstig erh\u00e4ltlich. Auch bei der Gartenumgestaltung werden die Platten einfach ausgenommen, gereinigt und wieder frisch verlegt.<br \/>\nWas bei Pflanzg\u00e4rtnereien durch gro\u00dfe, unhandliche Beetplatten vorprogramiert wird, ist im kleinen Gem\u00fcsegarten durch unsere Platten individuell legbar und ver\u00e4nderbar, wie ein Puzzelspiel.<\/p>\n<p>Spezielle Sonderteile, die gro\u00dfe Fertigteilwerke nicht oder nur recht aufwendig herstellen, k\u00f6nnen nur auf Anfrage von uns produziert werden, da die ganze Produktionsstra\u00dfe umgestellt werden muss.<br \/>\nEinzelne St\u00fccke oder Sonderma\u00dfe, Teile bis zu 2,5 Tonnen sind kein Problem.<br \/>\nGeben Sie Form und Ma\u00dfe durch, wir kl\u00e4ren den Rest.[\/vc_column_text][\/vc_column][\/vc_row][vc_row][vc_column width=&#8220;1\/1&#8243;]<div class=\"space25\"><\/div>[\/vc_column][\/vc_row][vc_row full_width=&#8220;true&#8220; bg_type=&#8220;image&#8220; bg_grad=&#8220;background: -webkit-gradient(linear, left top, left bottom, color-stop(0%, #E3E3E3));background: -moz-linear-gradient(top,#E3E3E3 0%);background: -webkit-linear-gradient(top,#E3E3E3 0%);background: -o-linear-gradient(top,#E3E3E3 0%);background: -ms-linear-gradient(top,#E3E3E3 0%);background: linear-gradient(top,#E3E3E3 0%);&#8220; parallax_style=&#8220;vcpb-default&#8220; bg_image_repeat=&#8220;no-repeat&#8220; bg_image_size=&#8220;cover&#8220; bg_img_attach=&#8220;scroll&#8220; parallax_sense=&#8220;30&#8243; animation_direction=&#8220;left-animation&#8220; animation_repeat=&#8220;repeat&#8220; bg_override=&#8220;0&#8243; disable_on_mobile_img_parallax=&#8220;off&#8220; parallax_content_sense=&#8220;30&#8243; fadeout_start_effect=&#8220;30&#8243; overlay_pattern_opacity=&#8220;80&#8243; multi_color_overlay_opacity=&#8220;0.6&#8243; seperator_type=&#8220;none_seperator&#8220; seperator_position=&#8220;top_seperator&#8220; seperator_shape_size=&#8220;40&#8243; seperator_svg_height=&#8220;60&#8243; seperator_shape_background=&#8220;#ffffff&#8220; seperator_shape_border=&#8220;none&#8220; seperator_shape_border_width=&#8220;1&#8243; icon_type=&#8220;no_icon&#8220; icon_size=&#8220;32&#8243; icon_style=&#8220;none&#8220; icon_color_border=&#8220;#333333&#8243; icon_border_size=&#8220;1&#8243; icon_border_radius=&#8220;500&#8243; icon_border_spacing=&#8220;50&#8243; img_width=&#8220;48&#8243; ult_hide_row_large_screen=&#8220;off&#8220; ult_hide_row_desktop=&#8220;off&#8220; ult_hide_row_tablet=&#8220;off&#8220; ult_hide_row_tablet_small=&#8220;off&#8220; ult_hide_row_mobile=&#8220;off&#8220; ult_hide_row_mobile_large=&#8220;off&#8220;][vc_column width=&#8220;1\/1&#8243;]<div class=\"space100\"><\/div><div class=\"space100\"><\/div>[\/vc_column][\/vc_row]<\/p>\n<\/div>","protected":false},"excerpt":{"rendered":"<p>[vc_row][vc_column width=&#8220;1\/1&#8243;][\/vc_column][\/vc_row][vc_row][vc_column width=&#8220;1\/1&#8243;][vc_column_text] Betonfertigteile Schmuckst\u00fccke f\u00fcr den Garten. Beton ist sehr vielseitig und gut formbar, dann aber witterungsbest\u00e4ndig und stabil.<\/p>\n","protected":false},"author":1,"featured_media":0,"parent":2158,"menu_order":0,"comment_status":"closed","ping_status":"closed","template":"","meta":{"footnotes":""},"class_list":["post-2227","page","type-page","status-publish","hentry"],"_links":{"self":[{"href":"https:\/\/alberthomas.de\/index.php?rest_route=\/wp\/v2\/pages\/2227","targetHints":{"allow":["GET"]}}],"collection":[{"href":"https:\/\/alberthomas.de\/index.php?rest_route=\/wp\/v2\/pages"}],"about":[{"href":"https:\/\/alberthomas.de\/index.php?rest_route=\/wp\/v2\/types\/page"}],"author":[{"embeddable":true,"href":"https:\/\/alberthomas.de\/index.php?rest_route=\/wp\/v2\/users\/1"}],"replies":[{"embeddable":true,"href":"https:\/\/alberthomas.de\/index.php?rest_route=%2Fwp%2Fv2%2Fcomments&post=2227"}],"version-history":[{"count":4,"href":"https:\/\/alberthomas.de\/index.php?rest_route=\/wp\/v2\/pages\/2227\/revisions"}],"predecessor-version":[{"id":2475,"href":"https:\/\/alberthomas.de\/index.php?rest_route=\/wp\/v2\/pages\/2227\/revisions\/2475"}],"up":[{"embeddable":true,"href":"https:\/\/alberthomas.de\/index.php?rest_route=\/wp\/v2\/pages\/2158"}],"wp:attachment":[{"href":"https:\/\/alberthomas.de\/index.php?rest_route=%2Fwp%2Fv2%2Fmedia&parent=2227"}],"curies":[{"name":"wp","href":"https:\/\/api.w.org\/{rel}","templated":true}]}}