{"id":2503,"date":"2017-01-17T19:51:32","date_gmt":"2017-01-17T19:51:32","guid":{"rendered":"http:\/\/alberthomas.de\/?page_id=2503"},"modified":"2017-01-17T19:51:56","modified_gmt":"2017-01-17T19:51:56","slug":"fetzer-qualitaets-holzbriketts","status":"publish","type":"page","link":"https:\/\/alberthomas.de\/?page_id=2503","title":{"rendered":"Fetzer Qualit\u00e4ts-Holzbriketts"},"content":{"rendered":"<div class=\"wpb-content-wrapper\"><p>[vc_row][vc_column]<div class=\"space40\"><\/div>[\/vc_column][\/vc_row][vc_row][vc_column][vc_column_text]<\/p>\n<h1 style=\"text-align: center;\">Fetzer Qualit\u00e4ts-Holzbriketts<\/h1>\n<h2 style=\"text-align: left;\">Die\u00a0passenden Briketts\u00a0zum Ofen.<\/h2>\n<p>Alternativ zum Brennholz f\u00fchren wir auch Holzbriketts in verschiedenen Sorten am Lager.<\/p>\n<p><strong>\u201cBrenner mit Loch\u201d<\/strong> haben eine lange Brenndauer und eignen sich, geteilt mit der Spaltzange, auch gut zum Anz\u00fcnden des Feuers.<\/p>\n<p><strong>\u201cPremium Brenner\u201d<\/strong> sind h\u00f6her gepresst und erreichen dadurch eine h\u00f6here Brenndauer und gute Glut. Zum Nachlegen oder \u00fcber Nachtsehr gut geeignet. Nicht zum Anz\u00fcnden.<\/p>\n<p><strong>\u201cDie Gl\u00fcher\u201d<\/strong> sind Rindenbriketts mit sehr langer Brenndauer und quellen beim Abbrand nicht auf. Nicht zum Anz\u00fcnden geeignet.<\/p>\n<p><strong>Spaltzange f\u00fcr Holzbriketts:<\/strong>\u00a0Mit der Spaltzange k\u00f6nnen Sie die Holzbrikettsauf einfache Weise zerteilen. Ideal zum Zerkleinern in 2cm-Scheiben, welche als Anfeuerholz benutzt werden k\u00f6nnen.<\/p>\n<p>Zu den st\u00e4ndig am Lager vorhandenen g\u00e4ngigsten Sorten gibt es noch 5 weitere , je nach Wunsch und Benutzung. Diese k\u00f6nnen jederzeit kurzfristig geliefert werden.<br \/>\nFragen Sie einfach nach!<br \/>\nGr\u00f6\u00dfen, Mengen und Paletteninhalte:[\/vc_column_text][\/vc_column][\/vc_row][vc_row][vc_column][vc_single_image image=&#8220;2509&#8243; img_size=&#8220;large&#8220; onclick=&#8220;link_image&#8220;][\/vc_column][\/vc_row][vc_row][vc_column]<div class=\"space25\"><\/div>[\/vc_column][\/vc_row][vc_row][vc_column]<div class=\"space50\"><\/div>[\/vc_column][\/vc_row][vc_row full_width=&#8220;true&#8220; bg_type=&#8220;image&#8220; bg_grad=&#8220;background: -webkit-gradient(linear, left top, left bottom, color-stop(0%, #E3E3E3));background: -moz-linear-gradient(top,#E3E3E3 0%);background: -webkit-linear-gradient(top,#E3E3E3 0%);background: -o-linear-gradient(top,#E3E3E3 0%);background: -ms-linear-gradient(top,#E3E3E3 0%);background: linear-gradient(top,#E3E3E3 0%);&#8220; parallax_style=&#8220;vcpb-default&#8220; bg_image_new=&#8220;2343&#8243; bg_image_repeat=&#8220;repeat&#8220; bg_image_size=&#8220;cover&#8220; bg_img_attach=&#8220;scroll&#8220; parallax_sense=&#8220;30&#8243; animation_direction=&#8220;left-animation&#8220; animation_repeat=&#8220;repeat&#8220; bg_override=&#8220;0&#8243; disable_on_mobile_img_parallax=&#8220;off&#8220; parallax_content_sense=&#8220;30&#8243; fadeout_start_effect=&#8220;30&#8243; overlay_pattern_opacity=&#8220;80&#8243; multi_color_overlay_opacity=&#8220;0.6&#8243; seperator_type=&#8220;none_seperator&#8220; seperator_position=&#8220;top_seperator&#8220; seperator_shape_size=&#8220;40&#8243; seperator_svg_height=&#8220;60&#8243; seperator_shape_background=&#8220;#ffffff&#8220; seperator_shape_border=&#8220;none&#8220; seperator_shape_border_width=&#8220;1&#8243; icon_type=&#8220;no_icon&#8220; icon_size=&#8220;32&#8243; icon_style=&#8220;none&#8220; icon_color_border=&#8220;#333333&#8243; icon_border_size=&#8220;1&#8243; icon_border_radius=&#8220;500&#8243; icon_border_spacing=&#8220;50&#8243; img_width=&#8220;48&#8243; ult_hide_row_large_screen=&#8220;off&#8220; ult_hide_row_desktop=&#8220;off&#8220; ult_hide_row_tablet=&#8220;off&#8220; ult_hide_row_tablet_small=&#8220;off&#8220; ult_hide_row_mobile=&#8220;off&#8220; ult_hide_row_mobile_large=&#8220;off&#8220;][vc_column]<div class=\"space100\"><\/div><div class=\"space100\"><\/div>[\/vc_column][\/vc_row]<\/p>\n<\/div>","protected":false},"excerpt":{"rendered":"<p>[vc_row][vc_column][\/vc_column][\/vc_row][vc_row][vc_column][vc_column_text] Fetzer Qualit\u00e4ts-Holzbriketts Die\u00a0passenden Briketts\u00a0zum Ofen. Alternativ zum Brennholz f\u00fchren wir auch Holzbriketts in verschiedenen Sorten am Lager. \u201cBrenner mit<\/p>\n","protected":false},"author":1,"featured_media":0,"parent":2152,"menu_order":0,"comment_status":"closed","ping_status":"closed","template":"","meta":{"footnotes":""},"class_list":["post-2503","page","type-page","status-publish","hentry"],"_links":{"self":[{"href":"https:\/\/alberthomas.de\/index.php?rest_route=\/wp\/v2\/pages\/2503","targetHints":{"allow":["GET"]}}],"collection":[{"href":"https:\/\/alberthomas.de\/index.php?rest_route=\/wp\/v2\/pages"}],"about":[{"href":"https:\/\/alberthomas.de\/index.php?rest_route=\/wp\/v2\/types\/page"}],"author":[{"embeddable":true,"href":"https:\/\/alberthomas.de\/index.php?rest_route=\/wp\/v2\/users\/1"}],"replies":[{"embeddable":true,"href":"https:\/\/alberthomas.de\/index.php?rest_route=%2Fwp%2Fv2%2Fcomments&post=2503"}],"version-history":[{"count":10,"href":"https:\/\/alberthomas.de\/index.php?rest_route=\/wp\/v2\/pages\/2503\/revisions"}],"predecessor-version":[{"id":2514,"href":"https:\/\/alberthomas.de\/index.php?rest_route=\/wp\/v2\/pages\/2503\/revisions\/2514"}],"up":[{"embeddable":true,"href":"https:\/\/alberthomas.de\/index.php?rest_route=\/wp\/v2\/pages\/2152"}],"wp:attachment":[{"href":"https:\/\/alberthomas.de\/index.php?rest_route=%2Fwp%2Fv2%2Fmedia&parent=2503"}],"curies":[{"name":"wp","href":"https:\/\/api.w.org\/{rel}","templated":true}]}}